{"id":6213,"date":"2020-05-12T20:01:54","date_gmt":"2020-05-12T18:01:54","guid":{"rendered":"https:\/\/www.pataro.it\/il-nostro-metodo\/"},"modified":"2020-07-20T16:56:13","modified_gmt":"2020-07-20T14:56:13","slug":"nuestro-metodo","status":"publish","type":"page","link":"https:\/\/staging.pataro.it\/es\/nuestro-metodo\/","title":{"rendered":"Nuestro M\u00e9todo"},"content":{"rendered":"\n<div class=\"wp-block-columns is-layout-flex wp-container-core-columns-layout-1 wp-block-columns-is-layout-flex\">\n<div class=\"wp-block-column is-layout-flow wp-block-column-is-layout-flow\" style=\"flex-basis:40%\">\n<figure class=\"wp-block-image size-large\"><img loading=\"lazy\" decoding=\"async\" width=\"512\" height=\"595\" src=\"https:\/\/staging.pataro.it\/wp-content\/uploads\/2020\/05\/pataro_metodo_1.jpg\" alt=\"\" class=\"wp-image-5723\" srcset=\"https:\/\/staging.pataro.it\/wp-content\/uploads\/2020\/05\/pataro_metodo_1.jpg 512w, https:\/\/staging.pataro.it\/wp-content\/uploads\/2020\/05\/pataro_metodo_1-258x300.jpg 258w\" sizes=\"(max-width: 512px) 100vw, 512px\" \/><\/figure>\n<\/div>\n\n\n\n<div class=\"wp-block-column is-layout-flow wp-block-column-is-layout-flow\" style=\"flex-basis:60%\">\n<figure class=\"wp-block-image size-large\"><img loading=\"lazy\" decoding=\"async\" width=\"512\" height=\"595\" src=\"https:\/\/staging.pataro.it\/wp-content\/uploads\/2020\/05\/pataro_metodo_2.jpg\" alt=\"\" class=\"wp-image-5726\" srcset=\"https:\/\/staging.pataro.it\/wp-content\/uploads\/2020\/05\/pataro_metodo_2.jpg 512w, https:\/\/staging.pataro.it\/wp-content\/uploads\/2020\/05\/pataro_metodo_2-258x300.jpg 258w\" sizes=\"(max-width: 512px) 100vw, 512px\" \/><\/figure>\n<\/div>\n<\/div>\n\n\n\n<p>Cuando las cosas son simples, es f\u00e1cil entenderlo, especialmente cuando se habla de gnocchi. <br> Si has probado una de nuestras creaciones, sabes perfectamente de lo que hablamos: su alma<br> ligera y su sabor, te regalan, en un momento, lo que siempre has buscado.<\/p>\n\n\n\n<div style=\"height:30px\" aria-hidden=\"true\" class=\"wp-block-spacer\"><\/div>\n\n\n\n<div class=\"wp-block-columns add-top-margin is-layout-flex wp-container-core-columns-layout-3 wp-block-columns-is-layout-flex\">\n<div class=\"wp-block-column is-layout-flow wp-block-column-is-layout-flow\" style=\"flex-basis:30%\"><\/div>\n\n\n\n<div class=\"wp-block-column is-layout-flow wp-block-column-is-layout-flow\" style=\"flex-basis:70%\">\n<figure class=\"wp-block-image size-large\"><img loading=\"lazy\" decoding=\"async\" width=\"960\" height=\"600\" src=\"https:\/\/staging.pataro.it\/wp-content\/uploads\/2020\/05\/pataro_metodo_3.jpg\" alt=\"\" class=\"wp-image-5729\" srcset=\"https:\/\/staging.pataro.it\/wp-content\/uploads\/2020\/05\/pataro_metodo_3.jpg 960w, https:\/\/staging.pataro.it\/wp-content\/uploads\/2020\/05\/pataro_metodo_3-300x188.jpg 300w, https:\/\/staging.pataro.it\/wp-content\/uploads\/2020\/05\/pataro_metodo_3-768x480.jpg 768w\" sizes=\"(max-width: 960px) 100vw, 960px\" \/><\/figure>\n\n\n\n<div style=\"height:30px\" aria-hidden=\"true\" class=\"wp-block-spacer\"><\/div>\n\n\n\n<div class=\"wp-block-columns add-top-margin is-layout-flex wp-container-core-columns-layout-2 wp-block-columns-is-layout-flex\">\n<div class=\"wp-block-column is-layout-flow wp-block-column-is-layout-flow\" style=\"flex-basis:85%\">\n<p>Pero, \u00bfte has preguntado alguna vez porqu\u00e9 son tan simplemente&#8230;simples? Todo el m\u00e9rito es de nuestro m\u00e9todo productivo, que nos permite crear toda esta ligera delicia, utilizando \u00fanicamente patatas y agua.<\/p>\n\n\n\n<p>En el fondo, \u00bfpor qu\u00e9 a\u00f1adir ingredientes cuando es suficiente tan poco? La ventaja de tanta genuinidad no es, sin embargo, \u00fanicamente el sabor. Realizando, de hecho, la masa de nuestros gnocchi con solo patatas y agua (por lo tanto, sin harina, huevos, leche o conservantes), todos pueden tener el placer de saborear un buen plato de gnocchi, desde quien sufre intolerancias alimenticias, a quien, simplemente, desea comer ligero.<\/p>\n\n\n\n<p>Pru\u00e9balos y descubrir\u00e1s el alma ligera de los gnocchi.<\/p>\n<\/div>\n\n\n\n<div class=\"wp-block-column is-layout-flow wp-block-column-is-layout-flow\" style=\"flex-basis:15%\"><\/div>\n<\/div>\n<\/div>\n<\/div>\n\n\n\n<p><\/p>\n","protected":false},"excerpt":{"rendered":"<p>Cuando las cosas son simples, es f\u00e1cil entenderlo, especialmente cuando se habla de gnocchi. Si has probado una de nuestras creaciones, sabes perfectamente de lo que hablamos: su alma ligera y su sabor, te regalan, en un momento, lo que siempre has buscado. Pero, \u00bfte has preguntado alguna vez porqu\u00e9 son tan simplemente&#8230;simples? Todo el [&hellip;]<\/p>\n","protected":false},"author":1,"featured_media":0,"parent":0,"menu_order":0,"comment_status":"closed","ping_status":"closed","template":"","meta":{"inline_featured_image":false,"footnotes":""},"_links":{"self":[{"href":"https:\/\/staging.pataro.it\/es\/wp-json\/wp\/v2\/pages\/6213"}],"collection":[{"href":"https:\/\/staging.pataro.it\/es\/wp-json\/wp\/v2\/pages"}],"about":[{"href":"https:\/\/staging.pataro.it\/es\/wp-json\/wp\/v2\/types\/page"}],"author":[{"embeddable":true,"href":"https:\/\/staging.pataro.it\/es\/wp-json\/wp\/v2\/users\/1"}],"replies":[{"embeddable":true,"href":"https:\/\/staging.pataro.it\/es\/wp-json\/wp\/v2\/comments?post=6213"}],"version-history":[{"count":2,"href":"https:\/\/staging.pataro.it\/es\/wp-json\/wp\/v2\/pages\/6213\/revisions"}],"predecessor-version":[{"id":6217,"href":"https:\/\/staging.pataro.it\/es\/wp-json\/wp\/v2\/pages\/6213\/revisions\/6217"}],"wp:attachment":[{"href":"https:\/\/staging.pataro.it\/es\/wp-json\/wp\/v2\/media?parent=6213"}],"curies":[{"name":"wp","href":"https:\/\/api.w.org\/{rel}","templated":true}]}}