{"id":6218,"date":"2020-05-12T17:05:47","date_gmt":"2020-05-12T15:05:47","guid":{"rendered":"https:\/\/www.pataro.it\/lambiente\/"},"modified":"2023-02-15T17:59:42","modified_gmt":"2023-02-15T16:59:42","slug":"ambiente","status":"publish","type":"page","link":"https:\/\/staging.pataro.it\/es\/ambiente\/","title":{"rendered":"Ambiente"},"content":{"rendered":"\n<div class=\"wp-block-columns is-layout-flex wp-container-core-columns-layout-1 wp-block-columns-is-layout-flex\">\n<div class=\"wp-block-column is-layout-flow wp-block-column-is-layout-flow\" style=\"flex-basis:66.66%\">\n<figure class=\"wp-block-image size-large\"><img loading=\"lazy\" decoding=\"async\" width=\"960\" height=\"600\" src=\"https:\/\/staging.pataro.it\/wp-content\/uploads\/2020\/05\/pataro_ambiente_1-1.jpg\" alt=\"\" class=\"wp-image-6231\" srcset=\"https:\/\/staging.pataro.it\/wp-content\/uploads\/2020\/05\/pataro_ambiente_1-1.jpg 960w, https:\/\/staging.pataro.it\/wp-content\/uploads\/2020\/05\/pataro_ambiente_1-1-300x188.jpg 300w, https:\/\/staging.pataro.it\/wp-content\/uploads\/2020\/05\/pataro_ambiente_1-1-768x480.jpg 768w\" sizes=\"(max-width: 960px) 100vw, 960px\" \/><\/figure>\n\n\n\n<p>Debemos todo a la Tierra, madre de los ingredientes que hacen que nuestros gnocchi sean tan ligeros y gustosos. Justamente por esto, hacemos todo lo posible para preservarla de la mejor manera. Solo de este modo, nos aseguramos de que a vuestra casa llegue un sabor genuino y equilibrado, perfecto para que cada plato sea un aut\u00e9ntico momento de placer.<\/p>\n\n\n\n<div style=\"height:20px\" aria-hidden=\"true\" class=\"wp-block-spacer\"><\/div>\n<\/div>\n\n\n\n<div class=\"wp-block-column is-layout-flow wp-block-column-is-layout-flow\" style=\"flex-basis:33.33%\"><\/div>\n<\/div>\n\n\n\n<div class=\"wp-block-columns is-layout-flex wp-container-core-columns-layout-2 wp-block-columns-is-layout-flex\">\n<div class=\"wp-block-column is-layout-flow wp-block-column-is-layout-flow\" style=\"flex-basis:60%\"><div class=\"wp-block-image\">\n<figure class=\"alignright size-large\"><img loading=\"lazy\" decoding=\"async\" width=\"512\" height=\"595\" src=\"https:\/\/staging.pataro.it\/wp-content\/uploads\/2020\/05\/pataro_ambiente_2.jpg\" alt=\"\" class=\"wp-image-6229\" srcset=\"https:\/\/staging.pataro.it\/wp-content\/uploads\/2020\/05\/pataro_ambiente_2.jpg 512w, https:\/\/staging.pataro.it\/wp-content\/uploads\/2020\/05\/pataro_ambiente_2-258x300.jpg 258w\" sizes=\"(max-width: 512px) 100vw, 512px\" \/><\/figure><\/div><\/div>\n\n\n\n<div class=\"wp-block-column is-layout-flow wp-block-column-is-layout-flow\" style=\"flex-basis:40%\">\n<figure class=\"wp-block-image size-large\"><img loading=\"lazy\" decoding=\"async\" width=\"512\" height=\"595\" src=\"https:\/\/staging.pataro.it\/wp-content\/uploads\/2020\/05\/pataro_ambiente_3.jpg\" alt=\"\" class=\"wp-image-6230\" srcset=\"https:\/\/staging.pataro.it\/wp-content\/uploads\/2020\/05\/pataro_ambiente_3.jpg 512w, https:\/\/staging.pataro.it\/wp-content\/uploads\/2020\/05\/pataro_ambiente_3-258x300.jpg 258w\" sizes=\"(max-width: 512px) 100vw, 512px\" \/><\/figure>\n<\/div>\n<\/div>\n\n\n\n<div class=\"wp-block-columns is-layout-flex wp-container-core-columns-layout-4 wp-block-columns-is-layout-flex\">\n<div class=\"wp-block-column is-layout-flow wp-block-column-is-layout-flow\" style=\"flex-basis:20%\"><\/div>\n\n\n\n<div class=\"wp-block-column is-layout-flow wp-block-column-is-layout-flow\" style=\"flex-basis:80%\">\n<figure class=\"wp-block-image size-large\"><img loading=\"lazy\" decoding=\"async\" width=\"393\" height=\"87\" src=\"https:\/\/staging.pataro.it\/wp-content\/uploads\/2020\/05\/Group-356.png\" alt=\"\" class=\"wp-image-6222\" srcset=\"https:\/\/staging.pataro.it\/wp-content\/uploads\/2020\/05\/Group-356.png 393w, https:\/\/staging.pataro.it\/wp-content\/uploads\/2020\/05\/Group-356-300x66.png 300w\" sizes=\"(max-width: 393px) 100vw, 393px\" \/><\/figure>\n\n\n\n<h4 class=\"wp-block-heading\">Nuestro primer pack 100% compostable<\/h4>\n\n\n\n<p>Cada d\u00eda nos esforzamos por la naturaleza. De este modo, nace nuestro primer envase 100% compostable con, en su interior, los gnocchi que amas, siempre realizados solo con patatas y agua. El papel es, obviamente, reciclable, mientras que el envase est\u00e1 realizado con material org\u00e1nico que te permite reciclarlo como materia org\u00e1nica.<\/p>\n\n\n\n<div style=\"height:50px\" aria-hidden=\"true\" class=\"wp-block-spacer\"><\/div>\n\n\n\n<figure class=\"wp-block-image size-large\"><img loading=\"lazy\" decoding=\"async\" width=\"624\" height=\"127\" src=\"https:\/\/staging.pataro.it\/wp-content\/uploads\/2020\/05\/pataro_ambiente_6.png\" alt=\"\" class=\"wp-image-6233\" srcset=\"https:\/\/staging.pataro.it\/wp-content\/uploads\/2020\/05\/pataro_ambiente_6.png 624w, https:\/\/staging.pataro.it\/wp-content\/uploads\/2020\/05\/pataro_ambiente_6-300x61.png 300w\" sizes=\"(max-width: 624px) 100vw, 624px\" \/><\/figure>\n\n\n\n<div style=\"height:50px\" aria-hidden=\"true\" class=\"wp-block-spacer\"><\/div>\n\n\n\n<div class=\"wp-block-columns is-layout-flex wp-container-core-columns-layout-3 wp-block-columns-is-layout-flex\">\n<div class=\"wp-block-column is-layout-flow wp-block-column-is-layout-flow\" style=\"flex-basis:30%\"><div class=\"wp-block-image\">\n<figure class=\"alignleft size-large\"><img loading=\"lazy\" decoding=\"async\" width=\"289\" height=\"147\" src=\"https:\/\/staging.pataro.it\/wp-content\/uploads\/2020\/05\/pataro_ambiente_4.png\" alt=\"\" class=\"wp-image-6234\"\/><\/figure><\/div><\/div>\n\n\n\n<div class=\"wp-block-column is-layout-flow wp-block-column-is-layout-flow\" style=\"flex-basis:70%\"><\/div>\n<\/div>\n\n\n\n<div style=\"height:50px\" aria-hidden=\"true\" class=\"wp-block-spacer\"><\/div>\n\n\n\n<h4 class=\"wp-block-heading\">Nuevo Pack con el 60% de pl\u00e1stico menos<\/h4>\n\n\n\n<p>Para los nuevos packs de nuestro gnocchi, hemos decidido reducir dr\u00e1sticamente la utilizaci\u00f3n de pl\u00e1stico, contribuyendo as\u00ed a la reducci\u00f3n de CO2 emitido en el aire y de pl\u00e1stico que podr\u00eda ser dispersado en terrenos y mares.<\/p>\n\n\n\n<h4 class=\"wp-block-heading\">Sistema de Gesti\u00f3n Ambiental Certificado<\/h4>\n\n\n\n<p>Con la certificaci\u00f3n ISO 14001 demostramos nuestro continuo compromiso hacia la protecci\u00f3n de la naturaleza. Contamos, de hecho, con un sistema de gesti\u00f3n adecuado para tener bajo control los impactos ambientales de nuestras actividades, investigando diariamente para mejorar de modo coherente, eficaz, pero, sobre todo, sostenible.<\/p>\n<\/div>\n<\/div>\n\n\n\n<p><\/p>\n","protected":false},"excerpt":{"rendered":"<p>Debemos todo a la Tierra, madre de los ingredientes que hacen que nuestros gnocchi sean tan ligeros y gustosos. Justamente por esto, hacemos todo lo posible para preservarla de la mejor manera. Solo de este modo, nos aseguramos de que a vuestra casa llegue un sabor genuino y equilibrado, perfecto para que cada plato sea [&hellip;]<\/p>\n","protected":false},"author":1,"featured_media":0,"parent":0,"menu_order":0,"comment_status":"closed","ping_status":"closed","template":"","meta":{"inline_featured_image":false,"footnotes":""},"_links":{"self":[{"href":"https:\/\/staging.pataro.it\/es\/wp-json\/wp\/v2\/pages\/6218"}],"collection":[{"href":"https:\/\/staging.pataro.it\/es\/wp-json\/wp\/v2\/pages"}],"about":[{"href":"https:\/\/staging.pataro.it\/es\/wp-json\/wp\/v2\/types\/page"}],"author":[{"embeddable":true,"href":"https:\/\/staging.pataro.it\/es\/wp-json\/wp\/v2\/users\/1"}],"replies":[{"embeddable":true,"href":"https:\/\/staging.pataro.it\/es\/wp-json\/wp\/v2\/comments?post=6218"}],"version-history":[{"count":5,"href":"https:\/\/staging.pataro.it\/es\/wp-json\/wp\/v2\/pages\/6218\/revisions"}],"predecessor-version":[{"id":9199,"href":"https:\/\/staging.pataro.it\/es\/wp-json\/wp\/v2\/pages\/6218\/revisions\/9199"}],"wp:attachment":[{"href":"https:\/\/staging.pataro.it\/es\/wp-json\/wp\/v2\/media?parent=6218"}],"curies":[{"name":"wp","href":"https:\/\/api.w.org\/{rel}","templated":true}]}}