{"id":6235,"date":"2020-05-12T17:26:41","date_gmt":"2020-05-12T15:26:41","guid":{"rendered":"https:\/\/www.pataro.it\/la-nostra-storia\/"},"modified":"2020-07-20T17:02:32","modified_gmt":"2020-07-20T15:02:32","slug":"nuestra-historia","status":"publish","type":"page","link":"https:\/\/staging.pataro.it\/es\/nuestra-historia\/","title":{"rendered":"Nuestra Historia"},"content":{"rendered":"\n<div class=\"wp-block-columns is-layout-flex wp-container-core-columns-layout-1 wp-block-columns-is-layout-flex\">\n<div class=\"wp-block-column is-layout-flow wp-block-column-is-layout-flow\" style=\"flex-basis:30%\"><\/div>\n\n\n\n<div class=\"wp-block-column is-layout-flow wp-block-column-is-layout-flow\" style=\"flex-basis:70%\">\n<figure class=\"wp-block-image size-large\"><img loading=\"lazy\" decoding=\"async\" width=\"960\" height=\"600\" src=\"https:\/\/staging.pataro.it\/wp-content\/uploads\/2020\/05\/pataro_storia_1.jpg\" alt=\"\" class=\"wp-image-6241\" srcset=\"https:\/\/staging.pataro.it\/wp-content\/uploads\/2020\/05\/pataro_storia_1.jpg 960w, https:\/\/staging.pataro.it\/wp-content\/uploads\/2020\/05\/pataro_storia_1-300x188.jpg 300w, https:\/\/staging.pataro.it\/wp-content\/uploads\/2020\/05\/pataro_storia_1-768x480.jpg 768w\" sizes=\"(max-width: 960px) 100vw, 960px\" \/><\/figure>\n<\/div>\n<\/div>\n\n\n\n<div class=\"wp-block-columns is-layout-flex wp-container-core-columns-layout-2 wp-block-columns-is-layout-flex\">\n<div class=\"wp-block-column is-layout-flow wp-block-column-is-layout-flow\" style=\"flex-basis:40%\">\n<figure class=\"wp-block-image size-large\"><img loading=\"lazy\" decoding=\"async\" width=\"512\" height=\"595\" src=\"https:\/\/staging.pataro.it\/wp-content\/uploads\/2020\/05\/pataro_storia_2.jpg\" alt=\"\" class=\"wp-image-6242\" srcset=\"https:\/\/staging.pataro.it\/wp-content\/uploads\/2020\/05\/pataro_storia_2.jpg 512w, https:\/\/staging.pataro.it\/wp-content\/uploads\/2020\/05\/pataro_storia_2-258x300.jpg 258w\" sizes=\"(max-width: 512px) 100vw, 512px\" \/><\/figure>\n<\/div>\n\n\n\n<div class=\"wp-block-column is-layout-flow wp-block-column-is-layout-flow\" style=\"flex-basis:60%\">\n<figure class=\"wp-block-image size-large\"><img loading=\"lazy\" decoding=\"async\" width=\"512\" height=\"595\" src=\"https:\/\/staging.pataro.it\/wp-content\/uploads\/2020\/05\/pataro_storia_3.jpg\" alt=\"\" class=\"wp-image-6243\" srcset=\"https:\/\/staging.pataro.it\/wp-content\/uploads\/2020\/05\/pataro_storia_3.jpg 512w, https:\/\/staging.pataro.it\/wp-content\/uploads\/2020\/05\/pataro_storia_3-258x300.jpg 258w\" sizes=\"(max-width: 512px) 100vw, 512px\" \/><\/figure>\n<\/div>\n<\/div>\n\n\n\n<div class=\"wp-block-columns is-layout-flex wp-container-core-columns-layout-3 wp-block-columns-is-layout-flex\">\n<div class=\"wp-block-column is-layout-flow wp-block-column-is-layout-flow\" style=\"flex-basis:40%\"><\/div>\n\n\n\n<div class=\"wp-block-column is-layout-flow wp-block-column-is-layout-flow\" style=\"flex-basis:60%\">\n<p>Patar\u00f2 nace en 1983, pero la idea de crear un gnocco \u00fanico, gustoso y ligero, surge mucho tiempo antes. Durante a\u00f1os hemos buscado la receta perfecta para realizar nuestro sue\u00f1o, la receta que podr\u00eda cambiar la percepci\u00f3n de los gnocchi. Y, finalmente, la hemos encontrado.<\/p>\n\n\n\n<p>Hemos quitado todo: harina, agua, leche y conservantes. \u00bfPor qu\u00e9 complicar algo que puede ser tan simple? As\u00ed, nos hemos quedado solo con patatas y agua, los hemos juntado y aqu\u00ed nacen nuestros fant\u00e1sticos gnocchi, gustosos y ligeros.<\/p>\n\n\n\n<p>Pero no termina aqu\u00ed. A nuestros gnocchi cl\u00e1sicos, hemos unido los rellenos, que funden la ligereza de la masa de solo patatas, a deliciosos rellenos. Y no olvidemos nuestros gnocchi integrales, realizados s\u00f3lo con harina integral y agua y nuestros gnocchi sin gluten, perfectos para quien sufre intolerancias alimenticias y no puede renunciar a un buen plato de gnocchi.<\/p>\n\n\n\n<p>Hemos pensado, tambi\u00e9n, a los m\u00e1s peque\u00f1os, que no son solo exigentes en cuanto al sabor, sino tambi\u00e9n en cuanto a la diversi\u00f3n. Es por ello que hemos pedido ayuda a los cuatro tiernos Protectores de la Galaxia, para traer a la Tierra deliciosas y simp\u00e1ticas estrellitas, realizadas solo con patatas y agua.<\/p>\n\n\n\n<p>Y, a prop\u00f3sito de Tierra, aqu\u00ed est\u00e1 nuestra \u00faltima novedad: \u00a1nuestro primer envase 100% compostable! \u00c9ste, junto con nuestras dem\u00e1s certificaciones, atestiguan nuestro compromiso hacia la protecci\u00f3n de la naturaleza y nuestra sostenibilidad, naturaleza que hace que nuestros gnocchi sean simplemente tan ligeros y gustosos.<\/p>\n<\/div>\n<\/div>\n","protected":false},"excerpt":{"rendered":"<p>Patar\u00f2 nace en 1983, pero la idea de crear un gnocco \u00fanico, gustoso y ligero, surge mucho tiempo antes. Durante a\u00f1os hemos buscado la receta perfecta para realizar nuestro sue\u00f1o, la receta que podr\u00eda cambiar la percepci\u00f3n de los gnocchi. Y, finalmente, la hemos encontrado. Hemos quitado todo: harina, agua, leche y conservantes. \u00bfPor qu\u00e9 [&hellip;]<\/p>\n","protected":false},"author":1,"featured_media":0,"parent":0,"menu_order":0,"comment_status":"closed","ping_status":"closed","template":"template-full-width.php","meta":{"inline_featured_image":false,"footnotes":""},"_links":{"self":[{"href":"https:\/\/staging.pataro.it\/es\/wp-json\/wp\/v2\/pages\/6235"}],"collection":[{"href":"https:\/\/staging.pataro.it\/es\/wp-json\/wp\/v2\/pages"}],"about":[{"href":"https:\/\/staging.pataro.it\/es\/wp-json\/wp\/v2\/types\/page"}],"author":[{"embeddable":true,"href":"https:\/\/staging.pataro.it\/es\/wp-json\/wp\/v2\/users\/1"}],"replies":[{"embeddable":true,"href":"https:\/\/staging.pataro.it\/es\/wp-json\/wp\/v2\/comments?post=6235"}],"version-history":[{"count":2,"href":"https:\/\/staging.pataro.it\/es\/wp-json\/wp\/v2\/pages\/6235\/revisions"}],"predecessor-version":[{"id":6238,"href":"https:\/\/staging.pataro.it\/es\/wp-json\/wp\/v2\/pages\/6235\/revisions\/6238"}],"wp:attachment":[{"href":"https:\/\/staging.pataro.it\/es\/wp-json\/wp\/v2\/media?parent=6235"}],"curies":[{"name":"wp","href":"https:\/\/api.w.org\/{rel}","templated":true}]}}