{"id":7322,"date":"2021-03-18T16:39:29","date_gmt":"2021-03-18T15:39:29","guid":{"rendered":"https:\/\/www.pataro.it\/?page_id=7322"},"modified":"2021-03-18T16:41:28","modified_gmt":"2021-03-18T15:41:28","slug":"contact-us","status":"publish","type":"page","link":"https:\/\/staging.pataro.it\/es\/contact-us\/","title":{"rendered":"Cont\u00e1ctenos"},"content":{"rendered":"\n<div class=\"wp-block-columns is-layout-flex wp-container-core-columns-layout-1 wp-block-columns-is-layout-flex\">\n<div class=\"wp-block-column is-layout-flow wp-block-column-is-layout-flow\" style=\"flex-basis:33.33%\">\n<p>Il Pastaio Srl<br>Via del Lavoro 3<br>25030 &#8211; Berlingo (BS)<br>Italia<\/p>\n\n\n\n<p>Tel: <a class=\"rank-math-link rank-math-link\" href=\"tel:+39%20030%20611858\">+39 030 611858<\/a><\/p>\n\n\n\n<p>Email: <a href=\"mailto:info@pataro.it\" class=\"rank-math-link\">info@pataro.it<\/a><\/p>\n<\/div>\n\n\n\n<div class=\"wp-block-column is-layout-flow wp-block-column-is-layout-flow\" style=\"flex-basis:66.66%\">\n<h4 class=\"wp-block-heading\">Escr\u00edbanos para obtener m\u00e1s informaci\u00f3n o c\u00f3mo podemos ayudarlo<\/h4>\n\n\n\n<div style=\"height:35px\" aria-hidden=\"true\" class=\"wp-block-spacer\"><\/div>\n\n\n\n\n<div class=\"wpcf7 no-js\" id=\"wpcf7-f7303-o1\" lang=\"es-ES\" dir=\"ltr\">\n<div class=\"screen-reader-response\"><p role=\"status\" aria-live=\"polite\" aria-atomic=\"true\"><\/p> <ul><\/ul><\/div>\n<form action=\"\/es\/wp-json\/wp\/v2\/pages\/7322#wpcf7-f7303-o1\" method=\"post\" class=\"wpcf7-form init\" aria-label=\"Formulario de contacto\" novalidate=\"novalidate\" data-status=\"init\">\n<div style=\"display: none;\">\n<input type=\"hidden\" name=\"_wpcf7\" value=\"7303\" \/>\n<input type=\"hidden\" name=\"_wpcf7_version\" value=\"5.8.7\" \/>\n<input type=\"hidden\" name=\"_wpcf7_locale\" value=\"es_ES\" \/>\n<input type=\"hidden\" name=\"_wpcf7_unit_tag\" value=\"wpcf7-f7303-o1\" \/>\n<input type=\"hidden\" name=\"_wpcf7_container_post\" value=\"0\" \/>\n<input type=\"hidden\" name=\"_wpcf7_posted_data_hash\" value=\"\" \/>\n<\/div>\n<p><label> Seleccione el motivo del contacto <span class=\"wpcf7-form-control-wrap\" data-name=\"your-recipient\"><select class=\"wpcf7-form-control wpcf7-select wpcf7-validates-as-required\" aria-required=\"true\" aria-invalid=\"false\" name=\"your-recipient\"><option value=\"\">&#8212;Por favor, elige una opci\u00f3n&#8212;<\/option><option value=\"Informaci\u00f3n sobre nuestros productos\">Informaci\u00f3n sobre nuestros productos<\/option><option value=\"Informaci\u00f3n y solicitudes generales\">Informaci\u00f3n y solicitudes generales<\/option><option value=\"Trabaja con nosotros\">Trabaja con nosotros<\/option><\/select><\/span><br \/>\n<\/label>\n<\/p>\n<div class=\"m-form\">\n\t<div class=\"m-form__flex\">\n\t\t<p><label> Tu nombre <span class=\"wpcf7-form-control-wrap\" data-name=\"your-name\"><input size=\"40\" class=\"wpcf7-form-control wpcf7-text wpcf7-validates-as-required\" aria-required=\"true\" aria-invalid=\"false\" value=\"\" type=\"text\" name=\"your-name\" \/><\/span> <\/label><label> Tu correo electr\u00f3nico <span class=\"wpcf7-form-control-wrap\" data-name=\"your-email\"><input size=\"40\" class=\"wpcf7-form-control wpcf7-email wpcf7-validates-as-required wpcf7-text wpcf7-validates-as-email\" aria-required=\"true\" aria-invalid=\"false\" value=\"\" type=\"email\" name=\"your-email\" \/><\/span> <\/label>\n\t\t<\/p>\n\t<\/div>\n\t<p><label> Tu mensaje <span class=\"wpcf7-form-control-wrap\" data-name=\"your-message\"><textarea cols=\"40\" rows=\"10\" class=\"wpcf7-form-control wpcf7-textarea\" aria-invalid=\"false\" name=\"your-message\"><\/textarea><\/span> <\/label>\n\t<\/p>\n<\/div>\n<p><span class=\"wpcf7-form-control-wrap\" data-name=\"acceptance-468\"><span class=\"wpcf7-form-control wpcf7-acceptance\"><span class=\"wpcf7-list-item\"><label><input type=\"checkbox\" name=\"acceptance-468\" value=\"1\" aria-invalid=\"false\" \/><span class=\"wpcf7-list-item-label\"><span>Los datos personales ser\u00e1n tratados de acuerdo con la informaci\u00f3n en la secci\u00f3n de <a target=\"_blank\" href=\"https:\/\/www.iubenda.com\/privacy-policy\/93743342\" rel=\"noopener\">privacidad<\/a>.<\/span><\/span><\/label><\/span><\/span><\/span>\n<\/p>\n<p><input class=\"wpcf7-form-control wpcf7-submit has-spinner\" type=\"submit\" value=\"Enviar mensaje\" \/>\n<\/p><label class=\"apbct_special_field\" id=\"apbct_label_id85504\" for=\"apbct__email_id__wp_contact_form_7_85504\">85504<\/label><input \n        id=\"apbct__email_id__wp_contact_form_7_85504\" \n        class=\"apbct_special_field apbct__email_id__wp_contact_form_7\"\n        autocomplete=\"off\" \n        name=\"apbct__email_id__wp_contact_form_7_85504\"  \n        type=\"text\" \n        value=\"85504\" \n        size=\"30\" \n        apbct_event_id=\"85504\"\n        maxlength=\"200\" \n    \/><input \n        id=\"apbct_event_id\"\n        class=\"apbct_special_field\"\n        name=\"apbct_event_id\"\n        type=\"hidden\" \n        value=\"85504\" \n            \/><div class=\"wpcf7-response-output\" aria-hidden=\"true\"><\/div>\n<\/form>\n<\/div>\n\n<\/div>\n<\/div>\n","protected":false},"excerpt":{"rendered":"<p>Il Pastaio SrlVia del Lavoro 325030 &#8211; Berlingo (BS)Italia Tel: +39 030 611858 Email: info@pataro.it Escr\u00edbanos para obtener m\u00e1s informaci\u00f3n o c\u00f3mo podemos ayudarlo<\/p>\n","protected":false},"author":1,"featured_media":0,"parent":0,"menu_order":0,"comment_status":"closed","ping_status":"closed","template":"template-full-width.php","meta":{"inline_featured_image":false,"footnotes":""},"_links":{"self":[{"href":"https:\/\/staging.pataro.it\/es\/wp-json\/wp\/v2\/pages\/7322"}],"collection":[{"href":"https:\/\/staging.pataro.it\/es\/wp-json\/wp\/v2\/pages"}],"about":[{"href":"https:\/\/staging.pataro.it\/es\/wp-json\/wp\/v2\/types\/page"}],"author":[{"embeddable":true,"href":"https:\/\/staging.pataro.it\/es\/wp-json\/wp\/v2\/users\/1"}],"replies":[{"embeddable":true,"href":"https:\/\/staging.pataro.it\/es\/wp-json\/wp\/v2\/comments?post=7322"}],"version-history":[{"count":6,"href":"https:\/\/staging.pataro.it\/es\/wp-json\/wp\/v2\/pages\/7322\/revisions"}],"predecessor-version":[{"id":7359,"href":"https:\/\/staging.pataro.it\/es\/wp-json\/wp\/v2\/pages\/7322\/revisions\/7359"}],"wp:attachment":[{"href":"https:\/\/staging.pataro.it\/es\/wp-json\/wp\/v2\/media?parent=7322"}],"curies":[{"name":"wp","href":"https:\/\/api.w.org\/{rel}","templated":true}]}}