{"id":10017,"date":"2023-10-13T12:09:15","date_gmt":"2023-10-13T10:09:15","guid":{"rendered":"https:\/\/www.pataro.it\/?post_type=product&#038;p=10017"},"modified":"2023-10-17T12:33:21","modified_gmt":"2023-10-17T10:33:21","slug":"noquis-rellenos-al-estilo-mediterraneo","status":"publish","type":"product","link":"https:\/\/staging.pataro.it\/es\/product\/noquis-rellenos-al-estilo-mediterraneo\/","title":{"rendered":"\u00d1oquis rellenos al estilo mediterr\u00e1neo"},"content":{"rendered":"\n<p>Un sabor fuerte, una receta \u00fanica, sabores que encierran la excelencia del <strong>Mediterr\u00e1neo<\/strong>:<br>he aqu\u00ed la nueva receta de los \u00f1oquis rellenos de la marca Patar\u00f2.<br><strong>Queso Burrata<\/strong>, <strong>tomates cherry secos<\/strong> y <strong>aceitunas Taggiasca<\/strong>, un relleno gourmet, delicado y decidido al mismo tiempo.<\/p>\n\n\n\n<p><\/p>\n\n\n\n<h4 class=\"wp-block-heading\">R\u00c1PIDOS DE PREPARAR<\/h4>\n\n\n\n<div style=\"height:20px\" aria-hidden=\"true\" class=\"wp-block-spacer\"><\/div>\n\n\n\n<h4 class=\"wp-block-heading\">SABOR AUT\u00c9NTICO<\/h4>\n\n\n\n<div style=\"height:20px\" aria-hidden=\"true\" class=\"wp-block-spacer\"><\/div>\n\n\n\n<h4 class=\"wp-block-heading\">MASA DE SOLO PATATAS Y AGUA<\/h4>\n","protected":false},"excerpt":{"rendered":"<p>Un sabor fuerte, una receta \u00fanica, sabores que encierran la excelencia del Mediterr\u00e1neo:he aqu\u00ed la nueva receta de los \u00f1oquis rellenos de la marca Patar\u00f2.Queso Burrata, tomates cherry secos y aceitunas Taggiasca, un relleno gourmet, delicado y decidido al mismo tiempo. R\u00c1PIDOS DE PREPARAR SABOR AUT\u00c9NTICO MASA DE SOLO PATATAS Y AGUA<\/p>\n","protected":false},"featured_media":10026,"menu_order":30,"template":"","format":"standard","meta":{"inline_featured_image":false},"_links":{"self":[{"href":"https:\/\/staging.pataro.it\/es\/wp-json\/wp\/v2\/product\/10017"}],"collection":[{"href":"https:\/\/staging.pataro.it\/es\/wp-json\/wp\/v2\/product"}],"about":[{"href":"https:\/\/staging.pataro.it\/es\/wp-json\/wp\/v2\/types\/product"}],"wp:featuredmedia":[{"embeddable":true,"href":"https:\/\/staging.pataro.it\/es\/wp-json\/wp\/v2\/media\/10026"}],"wp:attachment":[{"href":"https:\/\/staging.pataro.it\/es\/wp-json\/wp\/v2\/media?parent=10017"}],"curies":[{"name":"wp","href":"https:\/\/api.w.org\/{rel}","templated":true}]}}