{"id":6312,"date":"2020-05-14T16:19:41","date_gmt":"2020-05-14T14:19:41","guid":{"rendered":"https:\/\/www.pataro.it\/product\/gnocchi-di-solo-patate-e-acqua-in-vaschetta-compostabile\/"},"modified":"2020-07-21T11:09:51","modified_gmt":"2020-07-21T09:09:51","slug":"gnocchi-de-solo-patatas-y-agua-en-envase-compostable","status":"publish","type":"product","link":"https:\/\/staging.pataro.it\/es\/product\/gnocchi-de-solo-patatas-y-agua-en-envase-compostable\/","title":{"rendered":"Gnocchi de solo patatas y agua en Envase Compostable"},"content":{"rendered":"\n<p>Todo el sabor y alma ligera de nuestros gnocchi de solo patatas y agua en un envase completamente compostable. D\u00e9jate conquistar por su simplicidad y, una vez terminados, solo debes hacer dos simples gestos: \u00a1reciclar el cart\u00f3n con el papel y el envase con la materia org\u00e1nica! Nada m\u00e1s f\u00e1cil.<\/p>\n\n\n\n<div style=\"height:20px\" aria-hidden=\"true\" class=\"wp-block-spacer\"><\/div>\n\n\n\n<h4 class=\"wp-block-heading\">MASA DE SOLO PATATAS Y AGUA<\/h4>\n\n\n\n<div style=\"height:20px\" aria-hidden=\"true\" class=\"wp-block-spacer\"><\/div>\n\n\n\n<h4 class=\"wp-block-heading\">YA EN C\u00d3MODAS PORCIONES<\/h4>\n\n\n\n<div style=\"height:20px\" aria-hidden=\"true\" class=\"wp-block-spacer\"><\/div>\n\n\n\n<h4 class=\"wp-block-heading\">ENVASE 100% COMPOSTABLE<\/h4>\n","protected":false},"excerpt":{"rendered":"<p>Todo el sabor y alma ligera de nuestros gnocchi de solo patatas y agua en un envase completamente compostable. D\u00e9jate conquistar por su simplicidad y, una vez terminados, solo debes hacer dos simples gestos: \u00a1reciclar el cart\u00f3n con el papel y el envase con la materia org\u00e1nica! Nada m\u00e1s f\u00e1cil. MASA DE SOLO PATATAS Y [&hellip;]<\/p>\n","protected":false},"featured_media":5816,"menu_order":32,"template":"","format":"standard","meta":{"inline_featured_image":false},"_links":{"self":[{"href":"https:\/\/staging.pataro.it\/es\/wp-json\/wp\/v2\/product\/6312"}],"collection":[{"href":"https:\/\/staging.pataro.it\/es\/wp-json\/wp\/v2\/product"}],"about":[{"href":"https:\/\/staging.pataro.it\/es\/wp-json\/wp\/v2\/types\/product"}],"wp:featuredmedia":[{"embeddable":true,"href":"https:\/\/staging.pataro.it\/es\/wp-json\/wp\/v2\/media\/5816"}],"wp:attachment":[{"href":"https:\/\/staging.pataro.it\/es\/wp-json\/wp\/v2\/media?parent=6312"}],"curies":[{"name":"wp","href":"https:\/\/api.w.org\/{rel}","templated":true}]}}