{"id":6316,"date":"2020-05-14T16:16:06","date_gmt":"2020-05-14T14:16:06","guid":{"rendered":"https:\/\/www.pataro.it\/product\/stelline-di-solo-patate-e-acqua-tucker-edition\/"},"modified":"2020-07-21T13:05:55","modified_gmt":"2020-07-21T11:05:55","slug":"estrellitas-de-solo-patatas-y-agua","status":"publish","type":"product","link":"https:\/\/staging.pataro.it\/es\/product\/estrellitas-de-solo-patatas-y-agua\/","title":{"rendered":"Estrellitas de solo patatas y agua &#8211; Tucker Edition"},"content":{"rendered":"\n<p>Tierno, divertido y siempre preparado para la fiesta. \u00bfDe qu\u00e9 otro modo describir Tucker, el protector de la Constelaci\u00f3n del Tuc\u00e1n? Como habr\u00e1s notado, es el \u00fanico monstruo con un solo ojo, pero tiene una capacidad que los dem\u00e1s protectores no tienen. Con sus peque\u00f1as antenas puede captar cualquier peque\u00f1o mensaje del universo percibiendo, antes que los dem\u00e1s, el peligro. Esta caracter\u00edstica es tambi\u00e9n el motivo por el que Tucker est\u00e1 en todos los libros de historia de la Tierra: es justo \u00e9l quien ha recibido nuestra se\u00f1al y ha comenzado a enviarnos las deliciosas estrellitas de solo patatas y agua.<\/p>\n\n\n\n<div style=\"height:20px\" aria-hidden=\"true\" class=\"wp-block-spacer\"><\/div>\n\n\n\n<h4 class=\"wp-block-heading\">ESPACIALES<\/h4>\n\n\n\n<div style=\"height:20px\" aria-hidden=\"true\" class=\"wp-block-spacer\"><\/div>\n\n\n\n<h4 class=\"wp-block-heading\">MASA DE SOLO PATATAS Y AGUA<\/h4>\n\n\n\n<div style=\"height:20px\" aria-hidden=\"true\" class=\"wp-block-spacer\"><\/div>\n\n\n\n<h4 class=\"wp-block-heading\">UN CONCENTRADO DE SABOR Y LIGEREZA<\/h4>\n","protected":false},"excerpt":{"rendered":"<p>Tierno, divertido y siempre preparado para la fiesta. \u00bfDe qu\u00e9 otro modo describir Tucker, el protector de la Constelaci\u00f3n del Tuc\u00e1n? Como habr\u00e1s notado, es el \u00fanico monstruo con un solo ojo, pero tiene una capacidad que los dem\u00e1s protectores no tienen. Con sus peque\u00f1as antenas puede captar cualquier peque\u00f1o mensaje del universo percibiendo, antes [&hellip;]<\/p>\n","protected":false},"featured_media":5829,"menu_order":34,"template":"","format":"standard","meta":{"inline_featured_image":false},"_links":{"self":[{"href":"https:\/\/staging.pataro.it\/es\/wp-json\/wp\/v2\/product\/6316"}],"collection":[{"href":"https:\/\/staging.pataro.it\/es\/wp-json\/wp\/v2\/product"}],"about":[{"href":"https:\/\/staging.pataro.it\/es\/wp-json\/wp\/v2\/types\/product"}],"wp:featuredmedia":[{"embeddable":true,"href":"https:\/\/staging.pataro.it\/es\/wp-json\/wp\/v2\/media\/5829"}],"wp:attachment":[{"href":"https:\/\/staging.pataro.it\/es\/wp-json\/wp\/v2\/media?parent=6316"}],"curies":[{"name":"wp","href":"https:\/\/api.w.org\/{rel}","templated":true}]}}