{"id":6318,"date":"2020-05-14T16:15:16","date_gmt":"2020-05-14T14:15:16","guid":{"rendered":"https:\/\/www.pataro.it\/product\/stelline-di-solo-patate-e-acqua-grufy-edition\/"},"modified":"2020-07-21T13:06:18","modified_gmt":"2020-07-21T11:06:18","slug":"estrellitas-de-solo-patatas-y-agua-grufy","status":"publish","type":"product","link":"https:\/\/staging.pataro.it\/es\/product\/estrellitas-de-solo-patatas-y-agua-grufy\/","title":{"rendered":"Estrellitas de solo patatas y agua &#8211; Grufy Edition"},"content":{"rendered":"\n<p>De entre todos los Protectores de las Constelaciones, Grufy es, seguramente, el m\u00e1s alocado, como podr\u00e9is notar por su delicioso mech\u00f3n rebelde. Desde hace millones de a\u00f1os se mueve sin pausa entre las estrellas de la Constelaci\u00f3n de la Grulla, excavando t\u00faneles infinitos con sus peque\u00f1os cuernos. \u00bfEl motivo? Por las investigaciones m\u00e1s recientes, parece ser que las mejores estrellitas de solo patatas y agua, se encuentran justo debajo de la superficie de las estrellas (algo as\u00ed como las trufas en la Tierra). As\u00ed que, si os enamor\u00e1is la primera vez que las prob\u00e1is, ahora sab\u00e9is de qui\u00e9n es la culpa.<\/p>\n\n\n\n<div style=\"height:20px\" aria-hidden=\"true\" class=\"wp-block-spacer\"><\/div>\n\n\n\n<h4 class=\"wp-block-heading\">ESPACIALES<\/h4>\n\n\n\n<div style=\"height:20px\" aria-hidden=\"true\" class=\"wp-block-spacer\"><\/div>\n\n\n\n<h4 class=\"wp-block-heading\">MASA DE SOLO PATATAS Y AGUA<\/h4>\n\n\n\n<div style=\"height:20px\" aria-hidden=\"true\" class=\"wp-block-spacer\"><\/div>\n\n\n\n<h4 class=\"wp-block-heading\">UN CONCENTRADO DE SABOR Y LIGEREZA<\/h4>\n\n\n\n<p><\/p>\n","protected":false},"excerpt":{"rendered":"<p>De entre todos los Protectores de las Constelaciones, Grufy es, seguramente, el m\u00e1s alocado, como podr\u00e9is notar por su delicioso mech\u00f3n rebelde. Desde hace millones de a\u00f1os se mueve sin pausa entre las estrellas de la Constelaci\u00f3n de la Grulla, excavando t\u00faneles infinitos con sus peque\u00f1os cuernos. \u00bfEl motivo? Por las investigaciones m\u00e1s recientes, parece [&hellip;]<\/p>\n","protected":false},"featured_media":5835,"menu_order":37,"template":"","format":"standard","meta":{"inline_featured_image":false},"_links":{"self":[{"href":"https:\/\/staging.pataro.it\/es\/wp-json\/wp\/v2\/product\/6318"}],"collection":[{"href":"https:\/\/staging.pataro.it\/es\/wp-json\/wp\/v2\/product"}],"about":[{"href":"https:\/\/staging.pataro.it\/es\/wp-json\/wp\/v2\/types\/product"}],"wp:featuredmedia":[{"embeddable":true,"href":"https:\/\/staging.pataro.it\/es\/wp-json\/wp\/v2\/media\/5835"}],"wp:attachment":[{"href":"https:\/\/staging.pataro.it\/es\/wp-json\/wp\/v2\/media?parent=6318"}],"curies":[{"name":"wp","href":"https:\/\/api.w.org\/{rel}","templated":true}]}}