{"id":6320,"date":"2020-05-14T16:14:14","date_gmt":"2020-05-14T14:14:14","guid":{"rendered":"https:\/\/www.pataro.it\/product\/stelline-di-solo-patate-e-acqua-bianca-edition\/"},"modified":"2020-07-21T13:06:38","modified_gmt":"2020-07-21T11:06:38","slug":"estrellitas-de-solo-patatas-y-agua-bianca","status":"publish","type":"product","link":"https:\/\/staging.pataro.it\/es\/product\/estrellitas-de-solo-patatas-y-agua-bianca\/","title":{"rendered":"Estrellitas de solo patatas y agua &#8211; Bianca Edition"},"content":{"rendered":"\n<p>Es suficiente un vistazo para entender que Bianca es la m\u00e1s dulce de los Protectores de la Galaxia, pero no te dejes enga\u00f1ar: cuando tiene que alcanzar un objetivo, no hay obst\u00e1culo que la detenga. Cuando se trata de estrellitas s\u00f3lo de patatas y agua, ella es la que siempre consigue encontrar las m\u00e1s escondidas, descubri\u00e9ndolas en cada peque\u00f1o \u00e1ngulo del universo. \u00a1Piensa que lleva 2 millones de a\u00f1os en el primer lugar de la clasificaci\u00f3n de los mejores Protectores de las Constelaciones del mes!<\/p>\n\n\n\n<div style=\"height:20px\" aria-hidden=\"true\" class=\"wp-block-spacer\"><\/div>\n\n\n\n<h4 class=\"wp-block-heading\">ESPACIALES<\/h4>\n\n\n\n<div style=\"height:20px\" aria-hidden=\"true\" class=\"wp-block-spacer\"><\/div>\n\n\n\n<h4 class=\"wp-block-heading\">MASA DE SOLO PATATAS Y AGUA<\/h4>\n\n\n\n<div style=\"height:20px\" aria-hidden=\"true\" class=\"wp-block-spacer\"><\/div>\n\n\n\n<h4 class=\"wp-block-heading\">UN CONCENTRADO DE SABOR Y LIGEREZA<\/h4>\n","protected":false},"excerpt":{"rendered":"<p>Es suficiente un vistazo para entender que Bianca es la m\u00e1s dulce de los Protectores de la Galaxia, pero no te dejes enga\u00f1ar: cuando tiene que alcanzar un objetivo, no hay obst\u00e1culo que la detenga. Cuando se trata de estrellitas s\u00f3lo de patatas y agua, ella es la que siempre consigue encontrar las m\u00e1s escondidas, [&hellip;]<\/p>\n","protected":false},"featured_media":5841,"menu_order":40,"template":"","format":"standard","meta":{"inline_featured_image":false},"_links":{"self":[{"href":"https:\/\/staging.pataro.it\/es\/wp-json\/wp\/v2\/product\/6320"}],"collection":[{"href":"https:\/\/staging.pataro.it\/es\/wp-json\/wp\/v2\/product"}],"about":[{"href":"https:\/\/staging.pataro.it\/es\/wp-json\/wp\/v2\/types\/product"}],"wp:featuredmedia":[{"embeddable":true,"href":"https:\/\/staging.pataro.it\/es\/wp-json\/wp\/v2\/media\/5841"}],"wp:attachment":[{"href":"https:\/\/staging.pataro.it\/es\/wp-json\/wp\/v2\/media?parent=6320"}],"curies":[{"name":"wp","href":"https:\/\/api.w.org\/{rel}","templated":true}]}}