{"id":6322,"date":"2020-05-14T01:53:57","date_gmt":"2020-05-13T23:53:57","guid":{"rendered":"https:\/\/www.pataro.it\/product\/gnocchi-ripieni-di-gorgonzola\/"},"modified":"2020-07-21T11:23:21","modified_gmt":"2020-07-21T09:23:21","slug":"gnocchi-rellenos-de-queso-gorgonzola","status":"publish","type":"product","link":"https:\/\/staging.pataro.it\/es\/product\/gnocchi-rellenos-de-queso-gorgonzola\/","title":{"rendered":"Gnocchi Rellenos de queso Gorgonzola"},"content":{"rendered":"\n<p>Nuestros gnocchi tambi\u00e9n tienen coraz\u00f3n. Y, adem\u00e1s, \u00a1es s\u00faper cremoso! Para que sean todav\u00eda m\u00e1s gustosos hemos a\u00f1adido a nuestra masa de solo patatas y agua un golos\u00edsimo relleno de queso gorgonzola, perfecto para transformar una simple comida, en un momento muy especial.<\/p>\n\n\n\n<div style=\"height:20px\" aria-hidden=\"true\" class=\"wp-block-spacer\"><\/div>\n\n\n\n<h4 class=\"wp-block-heading\">R\u00c1PIDOS DE PREPARAR<\/h4>\n\n\n\n<div style=\"height:20px\" aria-hidden=\"true\" class=\"wp-block-spacer\"><\/div>\n\n\n\n<h4 class=\"wp-block-heading\">CON QUESO GORGONZOLA DOP<\/h4>\n\n\n\n<div style=\"height:20px\" aria-hidden=\"true\" class=\"wp-block-spacer\"><\/div>\n\n\n\n<h4 class=\"wp-block-heading\">MASA DE SOLO PATATAS Y AGUA<\/h4>\n\n\n\n<p><\/p>\n","protected":false},"excerpt":{"rendered":"<p>Nuestros gnocchi tambi\u00e9n tienen coraz\u00f3n. Y, adem\u00e1s, \u00a1es s\u00faper cremoso! Para que sean todav\u00eda m\u00e1s gustosos hemos a\u00f1adido a nuestra masa de solo patatas y agua un golos\u00edsimo relleno de queso gorgonzola, perfecto para transformar una simple comida, en un momento muy especial. R\u00c1PIDOS DE PREPARAR CON QUESO GORGONZOLA DOP MASA DE SOLO PATATAS Y [&hellip;]<\/p>\n","protected":false},"featured_media":5847,"menu_order":43,"template":"","format":"standard","meta":{"inline_featured_image":false},"_links":{"self":[{"href":"https:\/\/staging.pataro.it\/es\/wp-json\/wp\/v2\/product\/6322"}],"collection":[{"href":"https:\/\/staging.pataro.it\/es\/wp-json\/wp\/v2\/product"}],"about":[{"href":"https:\/\/staging.pataro.it\/es\/wp-json\/wp\/v2\/types\/product"}],"wp:featuredmedia":[{"embeddable":true,"href":"https:\/\/staging.pataro.it\/es\/wp-json\/wp\/v2\/media\/5847"}],"wp:attachment":[{"href":"https:\/\/staging.pataro.it\/es\/wp-json\/wp\/v2\/media?parent=6322"}],"curies":[{"name":"wp","href":"https:\/\/api.w.org\/{rel}","templated":true}]}}