{"id":6325,"date":"2020-05-14T01:28:37","date_gmt":"2020-05-13T23:28:37","guid":{"rendered":"https:\/\/www.pataro.it\/product\/gnocchi-ripieni-di-rosa-camuna\/"},"modified":"2020-07-21T11:25:11","modified_gmt":"2020-07-21T09:25:11","slug":"gnocchi-rellenos-de-queso-rosa-camuna","status":"publish","type":"product","link":"https:\/\/staging.pataro.it\/es\/product\/gnocchi-rellenos-de-queso-rosa-camuna\/","title":{"rendered":"Gnocchi Rellenos de queso Rosa Camuna"},"content":{"rendered":"\n<p>Nunca hab\u00edas probado unos gnocchi as\u00ed. A la masa de solo patatas y agua le hemos a\u00f1adido un rico relleno de Rosa Camuna, queso \u00fanico en su clase. \u00bfEl motivo? Se hace \u00fanicamente en la Valle Camonica, a partir de leche altamente seleccionada, caracter\u00edstica que le aporta un sabor dulce y almizclado.<\/p>\n\n\n\n<div style=\"height:20px\" aria-hidden=\"true\" class=\"wp-block-spacer\"><\/div>\n\n\n\n<h4 class=\"wp-block-heading\">R\u00c1PIDOS DE PREPARAR<\/h4>\n\n\n\n<div style=\"height:20px\" aria-hidden=\"true\" class=\"wp-block-spacer\"><\/div>\n\n\n\n<h4 class=\"wp-block-heading\">MASA DE SOLO PATATAS Y AGUA<\/h4>\n\n\n\n<div style=\"height:20px\" aria-hidden=\"true\" class=\"wp-block-spacer\"><\/div>\n\n\n\n<h4 class=\"wp-block-heading\">DELICADOS Y GENUINOS<\/h4>\n","protected":false},"excerpt":{"rendered":"<p>Nunca hab\u00edas probado unos gnocchi as\u00ed. A la masa de solo patatas y agua le hemos a\u00f1adido un rico relleno de Rosa Camuna, queso \u00fanico en su clase. \u00bfEl motivo? Se hace \u00fanicamente en la Valle Camonica, a partir de leche altamente seleccionada, caracter\u00edstica que le aporta un sabor dulce y almizclado. R\u00c1PIDOS DE PREPARAR [&hellip;]<\/p>\n","protected":false},"featured_media":5853,"menu_order":46,"template":"","format":"standard","meta":{"inline_featured_image":false},"_links":{"self":[{"href":"https:\/\/staging.pataro.it\/es\/wp-json\/wp\/v2\/product\/6325"}],"collection":[{"href":"https:\/\/staging.pataro.it\/es\/wp-json\/wp\/v2\/product"}],"about":[{"href":"https:\/\/staging.pataro.it\/es\/wp-json\/wp\/v2\/types\/product"}],"wp:featuredmedia":[{"embeddable":true,"href":"https:\/\/staging.pataro.it\/es\/wp-json\/wp\/v2\/media\/5853"}],"wp:attachment":[{"href":"https:\/\/staging.pataro.it\/es\/wp-json\/wp\/v2\/media?parent=6325"}],"curies":[{"name":"wp","href":"https:\/\/api.w.org\/{rel}","templated":true}]}}