{"id":6330,"date":"2020-05-14T01:26:14","date_gmt":"2020-05-13T23:26:14","guid":{"rendered":"https:\/\/www.pataro.it\/product\/gnocchi-ripieni-di-formaggio-di-montagna\/"},"modified":"2020-07-21T11:29:00","modified_gmt":"2020-07-21T09:29:00","slug":"gnocchi-rellenos-de-queso-de-montana","status":"publish","type":"product","link":"https:\/\/staging.pataro.it\/es\/product\/gnocchi-rellenos-de-queso-de-montana\/","title":{"rendered":"Gnocchi Rellenos de Queso de Monta\u00f1a"},"content":{"rendered":"\n<p>A veces, es suficiente una degustaci\u00f3n para viajar con sabor. He ah\u00ed porqu\u00e9 a nuestros gnocchi de solo patatas y agua, les hemos a\u00f1adido un rico y genuino relleno, a base de queso de monta\u00f1a de leche heno, obtenida de vacas nutridas con el 75% de heno, sin forrajes fermentados o piensos OGM. Esto se traduce en un sabor dulce, perfumado y genuino, perfecto para platos delicados e irresistibles.<\/p>\n\n\n\n<div style=\"height:20px\" aria-hidden=\"true\" class=\"wp-block-spacer\"><\/div>\n\n\n\n<h4 class=\"wp-block-heading\">R\u00c1PIDOS DE PREPARAR<\/h4>\n\n\n\n<div style=\"height:20px\" aria-hidden=\"true\" class=\"wp-block-spacer\"><\/div>\n\n\n\n<h4 class=\"wp-block-heading\">CON QUESO DE LECHE HENO<\/h4>\n\n\n\n<div style=\"height:20px\" aria-hidden=\"true\" class=\"wp-block-spacer\"><\/div>\n\n\n\n<h4 class=\"wp-block-heading\">MASA DE SOLO PATATAS Y AGUA<\/h4>\n","protected":false},"excerpt":{"rendered":"<p>A veces, es suficiente una degustaci\u00f3n para viajar con sabor. He ah\u00ed porqu\u00e9 a nuestros gnocchi de solo patatas y agua, les hemos a\u00f1adido un rico y genuino relleno, a base de queso de monta\u00f1a de leche heno, obtenida de vacas nutridas con el 75% de heno, sin forrajes fermentados o piensos OGM. Esto se [&hellip;]<\/p>\n","protected":false},"featured_media":5865,"menu_order":52,"template":"","format":"standard","meta":{"inline_featured_image":false},"_links":{"self":[{"href":"https:\/\/staging.pataro.it\/es\/wp-json\/wp\/v2\/product\/6330"}],"collection":[{"href":"https:\/\/staging.pataro.it\/es\/wp-json\/wp\/v2\/product"}],"about":[{"href":"https:\/\/staging.pataro.it\/es\/wp-json\/wp\/v2\/types\/product"}],"wp:featuredmedia":[{"embeddable":true,"href":"https:\/\/staging.pataro.it\/es\/wp-json\/wp\/v2\/media\/5865"}],"wp:attachment":[{"href":"https:\/\/staging.pataro.it\/es\/wp-json\/wp\/v2\/media?parent=6330"}],"curies":[{"name":"wp","href":"https:\/\/api.w.org\/{rel}","templated":true}]}}