{"id":6331,"date":"2020-05-14T01:25:30","date_gmt":"2020-05-13T23:25:30","guid":{"rendered":"https:\/\/www.pataro.it\/product\/chicche-di-solo-patate-e-acqua\/"},"modified":"2020-07-21T11:31:14","modified_gmt":"2020-07-21T09:31:14","slug":"gemas-de-solo-patatas-y-agua","status":"publish","type":"product","link":"https:\/\/staging.pataro.it\/es\/product\/gemas-de-solo-patatas-y-agua\/","title":{"rendered":"Gemas de solo patatas y agua"},"content":{"rendered":"\n<p>\u00bfCu\u00e1nto es una porci\u00f3n de gnocchi? Con nuestras Gemas de Patatas, siempre realizadas con solo patatas y agua, saberlo es facil\u00edsimo. El pr\u00e1ctico envase, de hecho, ya est\u00e1 dividido en dos dosis, para que puedas saborear estos peque\u00f1os y gustosos gnocchi como y cuando quieras.<\/p>\n\n\n\n<div style=\"height:20px\" aria-hidden=\"true\" class=\"wp-block-spacer\"><\/div>\n\n\n\n<h4 class=\"wp-block-heading\">PARA MAYORES Y PEQUE\u00d1OS<\/h4>\n\n\n\n<div style=\"height:20px\" aria-hidden=\"true\" class=\"wp-block-spacer\"><\/div>\n\n\n\n<h4 class=\"wp-block-heading\">YA EN C\u00d3MODAS PORCIONES<\/h4>\n\n\n\n<div style=\"height:20px\" aria-hidden=\"true\" class=\"wp-block-spacer\"><\/div>\n\n\n\n<h4 class=\"wp-block-heading\">MASA DE SOLO PATATAS Y AGUA<\/h4>\n","protected":false},"excerpt":{"rendered":"<p>\u00bfCu\u00e1nto es una porci\u00f3n de gnocchi? Con nuestras Gemas de Patatas, siempre realizadas con solo patatas y agua, saberlo es facil\u00edsimo. El pr\u00e1ctico envase, de hecho, ya est\u00e1 dividido en dos dosis, para que puedas saborear estos peque\u00f1os y gustosos gnocchi como y cuando quieras. PARA MAYORES Y PEQUE\u00d1OS YA EN C\u00d3MODAS PORCIONES MASA DE [&hellip;]<\/p>\n","protected":false},"featured_media":5871,"menu_order":55,"template":"","format":"standard","meta":{"inline_featured_image":false},"_links":{"self":[{"href":"https:\/\/staging.pataro.it\/es\/wp-json\/wp\/v2\/product\/6331"}],"collection":[{"href":"https:\/\/staging.pataro.it\/es\/wp-json\/wp\/v2\/product"}],"about":[{"href":"https:\/\/staging.pataro.it\/es\/wp-json\/wp\/v2\/types\/product"}],"wp:featuredmedia":[{"embeddable":true,"href":"https:\/\/staging.pataro.it\/es\/wp-json\/wp\/v2\/media\/5871"}],"wp:attachment":[{"href":"https:\/\/staging.pataro.it\/es\/wp-json\/wp\/v2\/media?parent=6331"}],"curies":[{"name":"wp","href":"https:\/\/api.w.org\/{rel}","templated":true}]}}