{"id":6334,"date":"2020-05-14T00:59:43","date_gmt":"2020-05-13T22:59:43","guid":{"rendered":"https:\/\/www.pataro.it\/product\/chicche-tricolore-di-solo-patate-e-acqua\/"},"modified":"2020-07-21T11:33:43","modified_gmt":"2020-07-21T09:33:43","slug":"gemas-tricolor-de-solo-patatas-y-agua","status":"publish","type":"product","link":"https:\/\/staging.pataro.it\/es\/product\/gemas-tricolor-de-solo-patatas-y-agua\/","title":{"rendered":"Gemas Tricolor de solo patatas y agua"},"content":{"rendered":"\n<p>El sabor tambi\u00e9n es color. Nuestras Gemas Tricolor no son m\u00e1s que peque\u00f1os gnocchi, siempre hechos con solo patatas y agua (con, adem\u00e1s, espinacas en las gemas verdes y tomate en las gemas rojas). Descubre su sorprendente ligereza y genuinidad, ideales tanto para los m\u00e1s mayores&#8230; como para los m\u00e1s peque\u00f1os.<\/p>\n\n\n\n<div style=\"height:20px\" aria-hidden=\"true\" class=\"wp-block-spacer\"><\/div>\n\n\n\n<h4 class=\"wp-block-heading\">MASA DE SOLO PATATAS Y AGUA<\/h4>\n\n\n\n<div style=\"height:20px\" aria-hidden=\"true\" class=\"wp-block-spacer\"><\/div>\n\n\n\n<h4 class=\"wp-block-heading\">YA EN C\u00d3MODAS PORCIONES<\/h4>\n\n\n\n<div style=\"height:20px\" aria-hidden=\"true\" class=\"wp-block-spacer\"><\/div>\n\n\n\n<h4 class=\"wp-block-heading\">PERFECTAS PARA LOS M\u00c1S PEQUE\u00d1OS<\/h4>\n","protected":false},"excerpt":{"rendered":"<p>El sabor tambi\u00e9n es color. Nuestras Gemas Tricolor no son m\u00e1s que peque\u00f1os gnocchi, siempre hechos con solo patatas y agua (con, adem\u00e1s, espinacas en las gemas verdes y tomate en las gemas rojas). Descubre su sorprendente ligereza y genuinidad, ideales tanto para los m\u00e1s mayores&#8230; como para los m\u00e1s peque\u00f1os. MASA DE SOLO PATATAS [&hellip;]<\/p>\n","protected":false},"featured_media":5877,"menu_order":58,"template":"","format":"standard","meta":{"inline_featured_image":false},"_links":{"self":[{"href":"https:\/\/staging.pataro.it\/es\/wp-json\/wp\/v2\/product\/6334"}],"collection":[{"href":"https:\/\/staging.pataro.it\/es\/wp-json\/wp\/v2\/product"}],"about":[{"href":"https:\/\/staging.pataro.it\/es\/wp-json\/wp\/v2\/types\/product"}],"wp:featuredmedia":[{"embeddable":true,"href":"https:\/\/staging.pataro.it\/es\/wp-json\/wp\/v2\/media\/5877"}],"wp:attachment":[{"href":"https:\/\/staging.pataro.it\/es\/wp-json\/wp\/v2\/media?parent=6334"}],"curies":[{"name":"wp","href":"https:\/\/api.w.org\/{rel}","templated":true}]}}