{"id":6336,"date":"2020-05-14T00:57:49","date_gmt":"2020-05-13T22:57:49","guid":{"rendered":"https:\/\/www.pataro.it\/product\/chicche-di-solo-patata-e-acqua-in-vaschetta-compostabile\/"},"modified":"2020-07-21T11:36:23","modified_gmt":"2020-07-21T09:36:23","slug":"gemas-de-solo-patatas-y-agua-en-envase-compostable","status":"publish","type":"product","link":"https:\/\/staging.pataro.it\/es\/product\/gemas-de-solo-patatas-y-agua-en-envase-compostable\/","title":{"rendered":"Gemas de solo patatas y agua en Envase Compostable"},"content":{"rendered":"\n<p>Estos gnocchi son una verdadera gema. Adem\u00e1s de estar realizados con solo patatas y agua, como todos nuestros gnocchi, ya est\u00e1n divididos en porciones y tienen una dimensi\u00f3n m\u00e1s peque\u00f1a. \u00a1Adem\u00e1s, el envase es completamente compostable! D\u00e9jate deleitar por su ligereza y su sabor \u00fanico.<\/p>\n\n\n\n<div style=\"height:20px\" aria-hidden=\"true\" class=\"wp-block-spacer\"><\/div>\n\n\n\n<h4 class=\"wp-block-heading\">MASA DE SOLO PATATAS Y AGUA<\/h4>\n\n\n\n<div style=\"height:20px\" aria-hidden=\"true\" class=\"wp-block-spacer\"><\/div>\n\n\n\n<h4 class=\"wp-block-heading\">YA EN C\u00d3MODAS PORCIONES<\/h4>\n\n\n\n<div style=\"height:20px\" aria-hidden=\"true\" class=\"wp-block-spacer\"><\/div>\n\n\n\n<h4 class=\"wp-block-heading\">ENVASE 100% RECICLABLE Y COMPOSTABLE<\/h4>\n","protected":false},"excerpt":{"rendered":"<p>Estos gnocchi son una verdadera gema. Adem\u00e1s de estar realizados con solo patatas y agua, como todos nuestros gnocchi, ya est\u00e1n divididos en porciones y tienen una dimensi\u00f3n m\u00e1s peque\u00f1a. \u00a1Adem\u00e1s, el envase es completamente compostable! D\u00e9jate deleitar por su ligereza y su sabor \u00fanico. MASA DE SOLO PATATAS Y AGUA YA EN C\u00d3MODAS PORCIONES [&hellip;]<\/p>\n","protected":false},"featured_media":5816,"menu_order":75,"template":"","format":"standard","meta":{"inline_featured_image":false},"_links":{"self":[{"href":"https:\/\/staging.pataro.it\/es\/wp-json\/wp\/v2\/product\/6336"}],"collection":[{"href":"https:\/\/staging.pataro.it\/es\/wp-json\/wp\/v2\/product"}],"about":[{"href":"https:\/\/staging.pataro.it\/es\/wp-json\/wp\/v2\/types\/product"}],"wp:featuredmedia":[{"embeddable":true,"href":"https:\/\/staging.pataro.it\/es\/wp-json\/wp\/v2\/media\/5816"}],"wp:attachment":[{"href":"https:\/\/staging.pataro.it\/es\/wp-json\/wp\/v2\/media?parent=6336"}],"curies":[{"name":"wp","href":"https:\/\/api.w.org\/{rel}","templated":true}]}}