{"id":6338,"date":"2020-05-14T00:56:05","date_gmt":"2020-05-13T22:56:05","guid":{"rendered":"https:\/\/www.pataro.it\/product\/stelline-di-solo-patate-e-acqua-krill-edition\/"},"modified":"2020-07-21T13:06:58","modified_gmt":"2020-07-21T11:06:58","slug":"estrellitas-de-solo-patatas-y-agua-krill","status":"publish","type":"product","link":"https:\/\/staging.pataro.it\/es\/product\/estrellitas-de-solo-patatas-y-agua-krill\/","title":{"rendered":"Estrellitas de solo patatas y agua &#8211; Krill Edition"},"content":{"rendered":"\n<p>Piensa en todas las preguntas de las que nunca has tenido respuesta: \u00a1pregunta a Krill y tendr\u00e1s la soluci\u00f3n! Este peque\u00f1o y simp\u00e1tico monstruo verde, protector de la Constelaci\u00f3n de la Ballena, es famoso en todo el universo por su alma creativa y por su insuperable inteligencia. Debes saber que justamente \u00e9l es el inventor del especial sistema de teletransporte, que \u00a1env\u00eda, a todos los ni\u00f1os de la Tierra, las gustos\u00edsimas estrellitas de solo patatas y agua dispersas en el espacio! Ah, la \u00faltima cosa: cuidado, porque es muy susceptible.<\/p>\n\n\n\n<div style=\"height:20px\" aria-hidden=\"true\" class=\"wp-block-spacer\"><\/div>\n\n\n\n<h4 class=\"wp-block-heading\">ESPACIALES<\/h4>\n\n\n\n<div style=\"height:20px\" aria-hidden=\"true\" class=\"wp-block-spacer\"><\/div>\n\n\n\n<h4 class=\"wp-block-heading\">MASA DE SOLO PATATAS Y AGUA<\/h4>\n\n\n\n<div style=\"height:20px\" aria-hidden=\"true\" class=\"wp-block-spacer\"><\/div>\n\n\n\n<h4 class=\"wp-block-heading\">UN CONCENTRADO DE SABOR Y LIGEREZA<\/h4>\n","protected":false},"excerpt":{"rendered":"<p>Piensa en todas las preguntas de las que nunca has tenido respuesta: \u00a1pregunta a Krill y tendr\u00e1s la soluci\u00f3n! Este peque\u00f1o y simp\u00e1tico monstruo verde, protector de la Constelaci\u00f3n de la Ballena, es famoso en todo el universo por su alma creativa y por su insuperable inteligencia. Debes saber que justamente \u00e9l es el inventor [&hellip;]<\/p>\n","protected":false},"featured_media":5889,"menu_order":68,"template":"","format":"standard","meta":{"inline_featured_image":false},"_links":{"self":[{"href":"https:\/\/staging.pataro.it\/es\/wp-json\/wp\/v2\/product\/6338"}],"collection":[{"href":"https:\/\/staging.pataro.it\/es\/wp-json\/wp\/v2\/product"}],"about":[{"href":"https:\/\/staging.pataro.it\/es\/wp-json\/wp\/v2\/types\/product"}],"wp:featuredmedia":[{"embeddable":true,"href":"https:\/\/staging.pataro.it\/es\/wp-json\/wp\/v2\/media\/5889"}],"wp:attachment":[{"href":"https:\/\/staging.pataro.it\/es\/wp-json\/wp\/v2\/media?parent=6338"}],"curies":[{"name":"wp","href":"https:\/\/api.w.org\/{rel}","templated":true}]}}