{"id":6502,"date":"2020-01-01T12:03:00","date_gmt":"2020-01-01T11:03:00","guid":{"rendered":"https:\/\/www.pataro.it\/product\/gnocchi-ripieni-di-gorgonzola-take-away\/"},"modified":"2021-07-29T09:45:55","modified_gmt":"2021-07-29T07:45:55","slug":"gnocchi-ripieni-di-gorgonzola-take-away","status":"publish","type":"product","link":"https:\/\/staging.pataro.it\/es\/product\/gnocchi-ripieni-di-gorgonzola-take-away\/","title":{"rendered":"Gnocchi rellenos de queso Gorgonzola"},"content":{"rendered":"\n<p>Estos gnocchi, elaborados siempre con solo patatas y agua, tienen en su interior un cremoso relleno de queso gorgonzola, para primeros platos realmente gustosos y agradables. Adem\u00e1s, no est\u00e1n pasteurizados y, por lo tanto, son fresqu\u00edsimos como reci\u00e9n hechos.<\/p>\n\n\n\n<div style=\"height:20px\" aria-hidden=\"true\" class=\"wp-block-spacer\"><\/div>\n\n\n\n<h4 class=\"wp-block-heading\">MASA DE SOLO PATATAS Y AGUA<\/h4>\n\n\n\n<div style=\"height:20px\" aria-hidden=\"true\" class=\"wp-block-spacer\"><\/div>\n\n\n\n<h4 class=\"wp-block-heading\">YA EN PORCIONES<\/h4>\n\n\n\n<div style=\"height:20px\" aria-hidden=\"true\" class=\"wp-block-spacer\"><\/div>\n\n\n\n<h4 class=\"wp-block-heading\">DISPONIBLES EN LA SECCI\u00d3N GASTRONOM\u00cdA<\/h4>\n","protected":false},"excerpt":{"rendered":"<p>Estos gnocchi, elaborados siempre con solo patatas y agua, tienen en su interior un cremoso relleno de queso gorgonzola, para primeros platos realmente gustosos y agradables. Adem\u00e1s, no est\u00e1n pasteurizados y, por lo tanto, son fresqu\u00edsimos como reci\u00e9n hechos. MASA DE SOLO PATATAS Y AGUA YA EN PORCIONES DISPONIBLES EN LA SECCI\u00d3N GASTRONOM\u00cdA<\/p>\n","protected":false},"featured_media":6425,"menu_order":70,"template":"","format":"standard","meta":{"inline_featured_image":false},"_links":{"self":[{"href":"https:\/\/staging.pataro.it\/es\/wp-json\/wp\/v2\/product\/6502"}],"collection":[{"href":"https:\/\/staging.pataro.it\/es\/wp-json\/wp\/v2\/product"}],"about":[{"href":"https:\/\/staging.pataro.it\/es\/wp-json\/wp\/v2\/types\/product"}],"wp:featuredmedia":[{"embeddable":true,"href":"https:\/\/staging.pataro.it\/es\/wp-json\/wp\/v2\/media\/6425"}],"wp:attachment":[{"href":"https:\/\/staging.pataro.it\/es\/wp-json\/wp\/v2\/media?parent=6502"}],"curies":[{"name":"wp","href":"https:\/\/api.w.org\/{rel}","templated":true}]}}