{"id":6507,"date":"2020-01-01T11:55:49","date_gmt":"2020-01-01T10:55:49","guid":{"rendered":"https:\/\/www.pataro.it\/product\/gnocchi-di-solo-patate-acqua-e-spinaci-take-away\/"},"modified":"2021-07-29T09:46:07","modified_gmt":"2021-07-29T07:46:07","slug":"gnocchi-di-solo-patate-acqua-e-spinaci-take-away","status":"publish","type":"product","link":"https:\/\/staging.pataro.it\/es\/product\/gnocchi-di-solo-patate-acqua-e-spinaci-take-away\/","title":{"rendered":"Gnocchi de solo Patatas, Agua y Espinacas"},"content":{"rendered":"\n<p>Si deseas probar un plato de gnocchi distinto de lo normal, prueba nuestros gnocchi de solo patatas, agua y espinacas \u00abTake-Away\u00bb. La masa est\u00e1 enriquecida con espinacas frescas, as\u00ed, adem\u00e1s de traer el sabor a tu mesa, \u00a1traes tambi\u00e9n la vivacidad del color!<\/p>\n\n\n\n<div style=\"height:20px\" aria-hidden=\"true\" class=\"wp-block-spacer\"><\/div>\n\n\n\n<h4 class=\"wp-block-heading\">MASA DE SOLO PATATAS, AGUA Y ESPINACAS<\/h4>\n\n\n\n<div style=\"height:20px\" aria-hidden=\"true\" class=\"wp-block-spacer\"><\/div>\n\n\n\n<h4 class=\"wp-block-heading\">YA EN PORCIONES<\/h4>\n\n\n\n<div style=\"height:20px\" aria-hidden=\"true\" class=\"wp-block-spacer\"><\/div>\n\n\n\n<h4 class=\"wp-block-heading\">DISPONIBLES EN LA SECCI\u00d3N GASTRONOM\u00cdA<\/h4>\n\n\n\n<p><\/p>\n","protected":false},"excerpt":{"rendered":"<p>Si deseas probar un plato de gnocchi distinto de lo normal, prueba nuestros gnocchi de solo patatas, agua y espinacas \u00abTake-Away\u00bb. La masa est\u00e1 enriquecida con espinacas frescas, as\u00ed, adem\u00e1s de traer el sabor a tu mesa, \u00a1traes tambi\u00e9n la vivacidad del color! MASA DE SOLO PATATAS, AGUA Y ESPINACAS YA EN PORCIONES DISPONIBLES EN [&hellip;]<\/p>\n","protected":false},"featured_media":6411,"menu_order":76,"template":"","format":"standard","meta":{"inline_featured_image":false},"_links":{"self":[{"href":"https:\/\/staging.pataro.it\/es\/wp-json\/wp\/v2\/product\/6507"}],"collection":[{"href":"https:\/\/staging.pataro.it\/es\/wp-json\/wp\/v2\/product"}],"about":[{"href":"https:\/\/staging.pataro.it\/es\/wp-json\/wp\/v2\/types\/product"}],"wp:featuredmedia":[{"embeddable":true,"href":"https:\/\/staging.pataro.it\/es\/wp-json\/wp\/v2\/media\/6411"}],"wp:attachment":[{"href":"https:\/\/staging.pataro.it\/es\/wp-json\/wp\/v2\/media?parent=6507"}],"curies":[{"name":"wp","href":"https:\/\/api.w.org\/{rel}","templated":true}]}}