{"id":6511,"date":"2020-01-01T11:52:58","date_gmt":"2020-01-01T10:52:58","guid":{"rendered":"https:\/\/www.pataro.it\/product\/chicche-di-solo-patate-e-acqua-take-away\/"},"modified":"2021-07-29T09:46:13","modified_gmt":"2021-07-29T07:46:13","slug":"chicche-di-solo-patate-e-acqua-take-away","status":"publish","type":"product","link":"https:\/\/staging.pataro.it\/es\/product\/chicche-di-solo-patate-e-acqua-take-away\/","title":{"rendered":"Gemas de solo Patatas y Agua"},"content":{"rendered":"\n<p>Peque\u00f1as, pero de coraz\u00f3n ligero, nuestras Gemas de solo patatas y agua \u00abTake-Away\u00bb son lo que buscas para un primer plato agradable y gustoso. \u00a1Se elaboran siempre con solo dos simples ingredientes, pero no se pasteurizan, as\u00ed son todav\u00eda m\u00e1s frescas!<\/p>\n\n\n\n<div style=\"height:20px\" aria-hidden=\"true\" class=\"wp-block-spacer\"><\/div>\n\n\n\n<h4 class=\"wp-block-heading\">MASA DE SOLO PATATAS Y AGUA<\/h4>\n\n\n\n<div style=\"height:20px\" aria-hidden=\"true\" class=\"wp-block-spacer\"><\/div>\n\n\n\n<h4 class=\"wp-block-heading\">YA EN PORCIONES<\/h4>\n\n\n\n<div style=\"height:20px\" aria-hidden=\"true\" class=\"wp-block-spacer\"><\/div>\n\n\n\n<h4 class=\"wp-block-heading\">DISPONIBLES EN LA SECCI\u00d3N GASTRONOM\u00cdA<\/h4>\n","protected":false},"excerpt":{"rendered":"<p>Peque\u00f1as, pero de coraz\u00f3n ligero, nuestras Gemas de solo patatas y agua \u00abTake-Away\u00bb son lo que buscas para un primer plato agradable y gustoso. \u00a1Se elaboran siempre con solo dos simples ingredientes, pero no se pasteurizan, as\u00ed son todav\u00eda m\u00e1s frescas! MASA DE SOLO PATATAS Y AGUA YA EN PORCIONES DISPONIBLES EN LA SECCI\u00d3N GASTRONOM\u00cdA<\/p>\n","protected":false},"featured_media":6404,"menu_order":79,"template":"","format":"standard","meta":{"inline_featured_image":false},"_links":{"self":[{"href":"https:\/\/staging.pataro.it\/es\/wp-json\/wp\/v2\/product\/6511"}],"collection":[{"href":"https:\/\/staging.pataro.it\/es\/wp-json\/wp\/v2\/product"}],"about":[{"href":"https:\/\/staging.pataro.it\/es\/wp-json\/wp\/v2\/types\/product"}],"wp:featuredmedia":[{"embeddable":true,"href":"https:\/\/staging.pataro.it\/es\/wp-json\/wp\/v2\/media\/6404"}],"wp:attachment":[{"href":"https:\/\/staging.pataro.it\/es\/wp-json\/wp\/v2\/media?parent=6511"}],"curies":[{"name":"wp","href":"https:\/\/api.w.org\/{rel}","templated":true}]}}