{"id":6515,"date":"2020-01-01T11:51:16","date_gmt":"2020-01-01T10:51:16","guid":{"rendered":"https:\/\/www.pataro.it\/product\/gnocchi-di-solo-patate-e-acqua-take-away\/"},"modified":"2021-07-29T09:46:18","modified_gmt":"2021-07-29T07:46:18","slug":"gnocchi-di-solo-patate-e-acqua-take-away","status":"publish","type":"product","link":"https:\/\/staging.pataro.it\/es\/product\/gnocchi-di-solo-patate-e-acqua-take-away\/","title":{"rendered":"Gnocchi de solo Patatas y Agua"},"content":{"rendered":"\n<p>Realizados siempre con solo patatas y agua, nuestros gnocchi \u00abTake-Away\u00bb te regalan todo el sabor verdadero y genuino de las patatas, con todav\u00eda m\u00e1s frescura. Estos gnocchi, de hecho, no se pasteurizan, caracter\u00edstica que los hace todav\u00eda m\u00e1s gustosos y nutrientes.<\/p>\n\n\n\n<div style=\"height:20px\" aria-hidden=\"true\" class=\"wp-block-spacer\"><\/div>\n\n\n\n<h4 class=\"wp-block-heading\">MASA DE SOLO PATATAS Y AGUA<\/h4>\n\n\n\n<div style=\"height:20px\" aria-hidden=\"true\" class=\"wp-block-spacer\"><\/div>\n\n\n\n<h4 class=\"wp-block-heading\">YA EN PORCIONES<\/h4>\n\n\n\n<div style=\"height:20px\" aria-hidden=\"true\" class=\"wp-block-spacer\"><\/div>\n\n\n\n<h4 class=\"wp-block-heading\">DISPONIBLES EN LA SECCI\u00d3N GASTRONOM\u00cdA<\/h4>\n","protected":false},"excerpt":{"rendered":"<p>Realizados siempre con solo patatas y agua, nuestros gnocchi \u00abTake-Away\u00bb te regalan todo el sabor verdadero y genuino de las patatas, con todav\u00eda m\u00e1s frescura. Estos gnocchi, de hecho, no se pasteurizan, caracter\u00edstica que los hace todav\u00eda m\u00e1s gustosos y nutrientes. MASA DE SOLO PATATAS Y AGUA YA EN PORCIONES DISPONIBLES EN LA SECCI\u00d3N GASTRONOM\u00cdA<\/p>\n","protected":false},"featured_media":6397,"menu_order":82,"template":"","format":"standard","meta":{"inline_featured_image":false},"_links":{"self":[{"href":"https:\/\/staging.pataro.it\/es\/wp-json\/wp\/v2\/product\/6515"}],"collection":[{"href":"https:\/\/staging.pataro.it\/es\/wp-json\/wp\/v2\/product"}],"about":[{"href":"https:\/\/staging.pataro.it\/es\/wp-json\/wp\/v2\/types\/product"}],"wp:featuredmedia":[{"embeddable":true,"href":"https:\/\/staging.pataro.it\/es\/wp-json\/wp\/v2\/media\/6397"}],"wp:attachment":[{"href":"https:\/\/staging.pataro.it\/es\/wp-json\/wp\/v2\/media?parent=6515"}],"curies":[{"name":"wp","href":"https:\/\/api.w.org\/{rel}","templated":true}]}}