{"id":7452,"date":"2021-04-19T09:33:03","date_gmt":"2021-04-19T07:33:03","guid":{"rendered":"https:\/\/www.pataro.it\/?post_type=product&#038;p=7452"},"modified":"2021-04-19T09:34:14","modified_gmt":"2021-04-19T07:34:14","slug":"gnocchi-rellenos-con-queso-y-pimienta","status":"publish","type":"product","link":"https:\/\/staging.pataro.it\/es\/product\/gnocchi-rellenos-con-queso-y-pimienta\/","title":{"rendered":"Gnocchi rellenos con queso y pimienta"},"content":{"rendered":"\n<p>Del simple encuentro entre patatas y agua, una mezcla t\u00edpica de la campi\u00f1a romana y\u00a0 creada espont\u00e0neamente por los pastores durante la trashumancia, dio origen a una nueva receta que combina sabor y tradici\u00f3n: <strong>\u00f1oquis rellenos con queso y pimienta<\/strong>, sin huevos, sin gluten y sin conservantes , estos \u00f1oquis con un delicioso sabor tienen un coraz\u00f3n de pecorino y pimienta que les da un car\u00e0cter \u00fanico, listos en pocos minutos son ideales para una almuerzo que les asegurar\u00e0\u00a0 gran satisfacci\u00f3n en pocos instantes.<\/p>\n\n\n\n<h4 class=\"wp-block-heading\">R\u00c1PIDOS DE PREPARAR<\/h4>\n\n\n\n<div style=\"height:20px\" aria-hidden=\"true\" class=\"wp-block-spacer\"><\/div>\n\n\n\n<h4 class=\"wp-block-heading\">SABOR AUT\u00c9NTICO<\/h4>\n\n\n\n<div style=\"height:20px\" aria-hidden=\"true\" class=\"wp-block-spacer\"><\/div>\n\n\n\n<h4 class=\"wp-block-heading\">MASA DE SOLO PATATAS Y AGUA<\/h4>\n","protected":false},"excerpt":{"rendered":"<p>Del simple encuentro entre patatas y agua, una mezcla t\u00edpica de la campi\u00f1a romana y\u00a0 creada espont\u00e0neamente por los pastores durante la trashumancia, dio origen a una nueva receta que combina sabor y tradici\u00f3n: \u00f1oquis rellenos con queso y pimienta, sin huevos, sin gluten y sin conservantes , estos \u00f1oquis con un delicioso sabor tienen [&hellip;]<\/p>\n","protected":false},"featured_media":7378,"menu_order":25,"template":"","format":"standard","meta":{"inline_featured_image":false},"_links":{"self":[{"href":"https:\/\/staging.pataro.it\/es\/wp-json\/wp\/v2\/product\/7452"}],"collection":[{"href":"https:\/\/staging.pataro.it\/es\/wp-json\/wp\/v2\/product"}],"about":[{"href":"https:\/\/staging.pataro.it\/es\/wp-json\/wp\/v2\/types\/product"}],"wp:featuredmedia":[{"embeddable":true,"href":"https:\/\/staging.pataro.it\/es\/wp-json\/wp\/v2\/media\/7378"}],"wp:attachment":[{"href":"https:\/\/staging.pataro.it\/es\/wp-json\/wp\/v2\/media?parent=7452"}],"curies":[{"name":"wp","href":"https:\/\/api.w.org\/{rel}","templated":true}]}}