{"id":8087,"date":"2021-10-28T09:22:26","date_gmt":"2021-10-28T07:22:26","guid":{"rendered":"https:\/\/www.pataro.it\/?post_type=product&#038;p=8087"},"modified":"2021-10-28T09:27:28","modified_gmt":"2021-10-28T07:27:28","slug":"noquis-rellenos-de-trufa","status":"publish","type":"product","link":"https:\/\/staging.pataro.it\/es\/product\/noquis-rellenos-de-trufa\/","title":{"rendered":"\u00d1oquis relle\u00f1os de trufa"},"content":{"rendered":"\n<p>En esta receta la masa de patatas y agua de los \u00f1oquis Patar\u00f2 contiene un coraz\u00f3n sorprendente, en el cual el aroma intenso de la trufa negra se une a la cremosidad elegante del queso de monta\u00f1a.<br>Un primer plato genuino y lleno de sabor, sin gluten, huevos y conservantes.<\/p>\n\n\n\n<p><\/p>\n\n\n\n<h4 class=\"wp-block-heading\">R\u00c1PIDOS DE PREPARAR<\/h4>\n\n\n\n<div style=\"height:20px\" aria-hidden=\"true\" class=\"wp-block-spacer\"><\/div>\n\n\n\n<h4 class=\"wp-block-heading\">SABOR AUT\u00c9NTICO<\/h4>\n\n\n\n<div style=\"height:20px\" aria-hidden=\"true\" class=\"wp-block-spacer\"><\/div>\n\n\n\n<h4 class=\"wp-block-heading\">MASA DE SOLO PATATAS Y AGUA<\/h4>\n","protected":false},"excerpt":{"rendered":"<p>En esta receta la masa de patatas y agua de los \u00f1oquis Patar\u00f2 contiene un coraz\u00f3n sorprendente, en el cual el aroma intenso de la trufa negra se une a la cremosidad elegante del queso de monta\u00f1a.Un primer plato genuino y lleno de sabor, sin gluten, huevos y conservantes. R\u00c1PIDOS DE PREPARAR SABOR AUT\u00c9NTICO MASA [&hellip;]<\/p>\n","protected":false},"featured_media":8090,"menu_order":3,"template":"","format":"standard","meta":{"inline_featured_image":false},"_links":{"self":[{"href":"https:\/\/staging.pataro.it\/es\/wp-json\/wp\/v2\/product\/8087"}],"collection":[{"href":"https:\/\/staging.pataro.it\/es\/wp-json\/wp\/v2\/product"}],"about":[{"href":"https:\/\/staging.pataro.it\/es\/wp-json\/wp\/v2\/types\/product"}],"wp:featuredmedia":[{"embeddable":true,"href":"https:\/\/staging.pataro.it\/es\/wp-json\/wp\/v2\/media\/8090"}],"wp:attachment":[{"href":"https:\/\/staging.pataro.it\/es\/wp-json\/wp\/v2\/media?parent=8087"}],"curies":[{"name":"wp","href":"https:\/\/api.w.org\/{rel}","templated":true}]}}