{"id":8617,"date":"2022-06-27T15:52:42","date_gmt":"2022-06-27T13:52:42","guid":{"rendered":"https:\/\/www.pataro.it\/?post_type=product&#038;p=8617"},"modified":"2022-06-27T17:34:42","modified_gmt":"2022-06-27T15:34:42","slug":"gnocchi-de-solo-patatas-y-agua-3","status":"publish","type":"product","link":"https:\/\/staging.pataro.it\/es\/product\/gnocchi-de-solo-patatas-y-agua-3\/","title":{"rendered":"Gnocchi de solo patatas y agua"},"content":{"rendered":"\n<p>Gustosos y de alma ligera, con solo dos simples ingredientes: patatas y agua. Con el justo equilibrio, creamos la perfecta armon\u00eda entre ligereza y sabor \u00fanico e irresistible. Solo as\u00ed puedes saborear el alma verdadera de las patatas, perfecta para combinar a cualquier condimento.<\/p>\n\n\n\n<div style=\"height:20px\" aria-hidden=\"true\" class=\"wp-block-spacer\"><\/div>\n\n\n\n<h4 class=\"wp-block-heading\">MASA DE SOLO PATATAS Y AGUA<\/h4>\n\n\n\n<div style=\"height:20px\" aria-hidden=\"true\" class=\"wp-block-spacer\"><\/div>\n\n\n\n<h4 class=\"wp-block-heading\">TIERNOS Y DE ALMA LIGERA<\/h4>\n\n\n\n<div style=\"height:20px\" aria-hidden=\"true\" class=\"wp-block-spacer\"><\/div>\n\n\n\n<h4 class=\"wp-block-heading\">SIN HARINA, HUEVOS Y LECHE<\/h4>\n","protected":false},"excerpt":{"rendered":"<p>Gustosos y de alma ligera, con solo dos simples ingredientes: patatas y agua. Con el justo equilibrio, creamos la perfecta armon\u00eda entre ligereza y sabor \u00fanico e irresistible. Solo as\u00ed puedes saborear el alma verdadera de las patatas, perfecta para combinar a cualquier condimento. MASA DE SOLO PATATAS Y AGUA TIERNOS Y DE ALMA LIGERA [&hellip;]<\/p>\n","protected":false},"featured_media":8624,"menu_order":1,"template":"","format":"standard","meta":{"inline_featured_image":false},"_links":{"self":[{"href":"https:\/\/staging.pataro.it\/es\/wp-json\/wp\/v2\/product\/8617"}],"collection":[{"href":"https:\/\/staging.pataro.it\/es\/wp-json\/wp\/v2\/product"}],"about":[{"href":"https:\/\/staging.pataro.it\/es\/wp-json\/wp\/v2\/types\/product"}],"wp:featuredmedia":[{"embeddable":true,"href":"https:\/\/staging.pataro.it\/es\/wp-json\/wp\/v2\/media\/8624"}],"wp:attachment":[{"href":"https:\/\/staging.pataro.it\/es\/wp-json\/wp\/v2\/media?parent=8617"}],"curies":[{"name":"wp","href":"https:\/\/api.w.org\/{rel}","templated":true}]}}