{"id":8627,"date":"2022-06-27T15:40:19","date_gmt":"2022-06-27T13:40:19","guid":{"rendered":"https:\/\/www.pataro.it\/?post_type=product&#038;p=8627"},"modified":"2022-06-27T15:49:51","modified_gmt":"2022-06-27T13:49:51","slug":"gnocchi-de-solo-patatas-y-agua-2","status":"publish","type":"product","link":"https:\/\/staging.pataro.it\/es\/product\/gnocchi-de-solo-patatas-y-agua-2\/","title":{"rendered":"Gnocchi de solo patatas y agua"},"content":{"rendered":"\n<p>Gli gnocchi di solo patate e acqua Patar\u00f2 diventano ancora pi\u00f9 speciali con quel tocco suadente donato dalle patate dolci. Una versione di gnocchi di patate che stuzzica la creativit\u00e0 in cucina. Un primo genuino e ricco di sapore, ma dall\u2019anima leggera.<\/p>\n\n\n\n<div style=\"height:20px\" aria-hidden=\"true\" class=\"wp-block-spacer\"><\/div>\n\n\n\n<h4 class=\"wp-block-heading\">SOFFICI E DALL\u2019ANIMA LEGGERA<\/h4>\n\n\n\n<div style=\"height:20px\" aria-hidden=\"true\" class=\"wp-block-spacer\"><\/div>\n\n\n\n<h4 class=\"wp-block-heading\">SENZA FARINA, UOVA E LATTE<\/h4>\n\n\n\n<div style=\"height:20px\" aria-hidden=\"true\" class=\"wp-block-spacer\"><\/div>\n\n\n\n<h4 class=\"wp-block-heading\">ARRICCHITI CON PATATE DOLCI<\/h4>\n","protected":false},"excerpt":{"rendered":"<p>Gli gnocchi di solo patate e acqua Patar\u00f2 diventano ancora pi\u00f9 speciali con quel tocco suadente donato dalle patate dolci. Una versione di gnocchi di patate che stuzzica la creativit\u00e0 in cucina. Un primo genuino e ricco di sapore, ma dall\u2019anima leggera. SOFFICI E DALL\u2019ANIMA LEGGERA SENZA FARINA, UOVA E LATTE ARRICCHITI CON PATATE DOLCI<\/p>\n","protected":false},"featured_media":8630,"menu_order":0,"template":"","format":"standard","meta":{"inline_featured_image":false},"_links":{"self":[{"href":"https:\/\/staging.pataro.it\/es\/wp-json\/wp\/v2\/product\/8627"}],"collection":[{"href":"https:\/\/staging.pataro.it\/es\/wp-json\/wp\/v2\/product"}],"about":[{"href":"https:\/\/staging.pataro.it\/es\/wp-json\/wp\/v2\/types\/product"}],"wp:featuredmedia":[{"embeddable":true,"href":"https:\/\/staging.pataro.it\/es\/wp-json\/wp\/v2\/media\/8630"}],"wp:attachment":[{"href":"https:\/\/staging.pataro.it\/es\/wp-json\/wp\/v2\/media?parent=8627"}],"curies":[{"name":"wp","href":"https:\/\/api.w.org\/{rel}","templated":true}]}}