{"id":8676,"date":"2022-06-27T17:44:35","date_gmt":"2022-06-27T15:44:35","guid":{"rendered":"https:\/\/www.pataro.it\/?post_type=product&#038;p=8676"},"modified":"2022-07-13T13:52:32","modified_gmt":"2022-07-13T11:52:32","slug":"estrellas-de-solo-papas-y-agua","status":"publish","type":"product","link":"https:\/\/staging.pataro.it\/es\/product\/estrellas-de-solo-papas-y-agua\/","title":{"rendered":"Estrellas de solo Papas y Agua"},"content":{"rendered":"\n<p>Toda la ligereza y el gusto de los gnocchi de solo patatas y agua Patar\u00f2 con una nueva y divertid\u00edsima forma: las estrellitas. El formato de gnocchi ideal, tambi\u00e9n para los m\u00e1s peque\u00f1os, para despertar el apetito con gusto y fantas\u00eda.<\/p>\n\n<p><\/p>\n\n<div style=\"height:20px\" aria-hidden=\"true\" class=\"wp-block-spacer\"><\/div>\n\n<h4 class=\"wp-block-heading\">IMPASTO DI SOLO PATATE E ACQUA<\/h4>\n\n<div style=\"height:20px\" aria-hidden=\"true\" class=\"wp-block-spacer\"><\/div>\n\n<h4 class=\"wp-block-heading\">UN CONCENTRATO DI GUSTO E LEGGEREZZA<\/h4>\n\n<div style=\"height:20px\" aria-hidden=\"true\" class=\"wp-block-spacer\"><\/div>\n\n<h4 class=\"wp-block-heading\">UNA FORMA IRRESISTIBILE<\/h4>\n","protected":false},"excerpt":{"rendered":"<p>Toda la ligereza y el gusto de los gnocchi de solo patatas y agua Patar\u00f2 con una nueva y divertid\u00edsima forma: las estrellitas. El formato de gnocchi ideal, tambi\u00e9n para los m\u00e1s peque\u00f1os, para despertar el apetito con gusto y fantas\u00eda. IMPASTO DI SOLO PATATE E ACQUA UN CONCENTRATO DI GUSTO E LEGGEREZZA UNA FORMA [&hellip;]<\/p>\n","protected":false},"featured_media":8679,"menu_order":2,"template":"","format":"standard","meta":{"inline_featured_image":false},"_links":{"self":[{"href":"https:\/\/staging.pataro.it\/es\/wp-json\/wp\/v2\/product\/8676"}],"collection":[{"href":"https:\/\/staging.pataro.it\/es\/wp-json\/wp\/v2\/product"}],"about":[{"href":"https:\/\/staging.pataro.it\/es\/wp-json\/wp\/v2\/types\/product"}],"wp:featuredmedia":[{"embeddable":true,"href":"https:\/\/staging.pataro.it\/es\/wp-json\/wp\/v2\/media\/8679"}],"wp:attachment":[{"href":"https:\/\/staging.pataro.it\/es\/wp-json\/wp\/v2\/media?parent=8676"}],"curies":[{"name":"wp","href":"https:\/\/api.w.org\/{rel}","templated":true}]}}