{"id":9343,"date":"2023-10-03T11:24:01","date_gmt":"2023-10-03T09:24:01","guid":{"rendered":"https:\/\/www.pataro.it\/?post_type=product&#038;p=9343"},"modified":"2023-10-03T11:24:02","modified_gmt":"2023-10-03T09:24:02","slug":"solo-patatas-y-achicoria","status":"publish","type":"product","link":"https:\/\/staging.pataro.it\/es\/product\/solo-patatas-y-achicoria\/","title":{"rendered":"Pataorto &#8211; s\u00f3lo patatas y achicoria"},"content":{"rendered":"\n<p>Para disfrutar plenamente de los sabores naturales de la tierra, s\u00f3lo necesita tres ingredientes: patatas, achicoria y agua. Con una sola raci\u00f3n de este plato, podr\u00e1 satisfacer f\u00e1cilmente una raci\u00f3n diaria de verduras.<\/p>\n\n\n\n<h4 class=\"wp-block-heading\">R\u00c1PIDA PREPARACI\u00d3N<\/h4>\n\n\n\n<div style=\"height:20px\" aria-hidden=\"true\" class=\"wp-block-spacer\"><\/div>\n\n\n\n<h4 class=\"wp-block-heading\">SABOR AUT\u00c9NTICO<\/h4>\n\n\n\n<div class=\"wp-block-group is-layout-flow wp-block-group-is-layout-flow\"><div class=\"wp-block-group__inner-container\">\n<div style=\"height:20px\" aria-hidden=\"true\" class=\"wp-block-spacer\"><\/div>\n<\/div><\/div>\n\n\n\n<h4 class=\"wp-block-heading\">MASA DE S\u00d3LO PATATAS Y ACHICORIA<\/h4>\n\n\n\n<p><\/p>\n","protected":false},"excerpt":{"rendered":"<p>Para disfrutar plenamente de los sabores naturales de la tierra, s\u00f3lo necesita tres ingredientes: patatas, achicoria y agua. Con una sola raci\u00f3n de este plato, podr\u00e1 satisfacer f\u00e1cilmente una raci\u00f3n diaria de verduras. R\u00c1PIDA PREPARACI\u00d3N SABOR AUT\u00c9NTICO MASA DE S\u00d3LO PATATAS Y ACHICORIA<\/p>\n","protected":false},"featured_media":9858,"menu_order":2,"template":"","format":"standard","meta":{"inline_featured_image":false},"_links":{"self":[{"href":"https:\/\/staging.pataro.it\/es\/wp-json\/wp\/v2\/product\/9343"}],"collection":[{"href":"https:\/\/staging.pataro.it\/es\/wp-json\/wp\/v2\/product"}],"about":[{"href":"https:\/\/staging.pataro.it\/es\/wp-json\/wp\/v2\/types\/product"}],"wp:featuredmedia":[{"embeddable":true,"href":"https:\/\/staging.pataro.it\/es\/wp-json\/wp\/v2\/media\/9858"}],"wp:attachment":[{"href":"https:\/\/staging.pataro.it\/es\/wp-json\/wp\/v2\/media?parent=9343"}],"curies":[{"name":"wp","href":"https:\/\/api.w.org\/{rel}","templated":true}]}}